{"id":13877,"date":"2025-02-28T18:41:16","date_gmt":"2025-02-28T17:41:16","guid":{"rendered":"https:\/\/campingcoiroux.fr\/info-assurance-annulation\/"},"modified":"2025-04-29T12:07:14","modified_gmt":"2025-04-29T10:07:14","slug":"info-assurance-annulation","status":"publish","type":"page","link":"https:\/\/campingcoiroux.fr\/de\/info-assurance-annulation\/","title":{"rendered":"Info Reiser\u00fccktrittsversicherung"},"content":{"rendered":"\n<div class=\"wp-block-group is-layout-constrained wp-container-core-group-is-layout-bbbb44a5 wp-block-group-is-layout-constrained\" style=\"padding-top:var(--wp--preset--spacing--60);padding-right:var(--wp--preset--spacing--60);padding-bottom:var(--wp--preset--spacing--60);padding-left:var(--wp--preset--spacing--60)\">\n<h1 class=\"wp-block-heading has-text-align-center has-link-color-color has-text-color\" style=\"margin-top:var(--wp--preset--spacing--60);margin-right:var(--wp--preset--spacing--60);margin-bottom:var(--wp--preset--spacing--60);margin-left:var(--wp--preset--spacing--60);padding-top:var(--wp--preset--spacing--60);padding-right:var(--wp--preset--spacing--60);padding-bottom:var(--wp--preset--spacing--60);padding-left:var(--wp--preset--spacing--60)\">Reiser\u00fccktrittsversicherung<\/h1>\n\n\n\n<div class=\"wp-block-columns is-layout-flex wp-container-core-columns-is-layout-28f84493 wp-block-columns-is-layout-flex\">\n<div class=\"wp-block-column is-vertically-aligned-top is-layout-flow wp-block-column-is-layout-flow\">\n<h2 class=\"wp-block-heading\">Unsere FLEX-Versicherung <\/h2>\n\n\n\n<p>FLEX-Versicherung: Stornierung mit oder ohne Nachweis f\u00fcr jedes unvorhersehbare, von Ihrem Willen unabh\u00e4ngige Ereignis, das Sie daran hindert, die Reise anzutreten.<\/p>\n\n\n\n<ul class=\"wp-block-list\">\n<li>R\u00fcckerstattung MIT NACHWEIS: 100% R\u00fcckerstattung der Stornierungskosten (siehe Selbstbehalt)<\/li>\n\n\n\n<li>R\u00fcckerstattung OHNE BEWEIS: R\u00fcckerstattung von 70% der Stornierungskosten (siehe Selbstbehalt)<\/li>\n<\/ul>\n\n\n\n<p>Sie k\u00f6nnen uns \u00fcber unser <strong><a href=\"https:\/\/campingcoiroux.fr\/de\/kontakt-zugang\/\">Kontaktformular<\/a><\/strong>oder<strong> telefonisch unter +33 (0) 5 55 27 21 96<\/strong>. <\/p>\n\n\n\n<p>Wir werden Ihnen eine schnelle und auf Ihre Bed\u00fcrfnisse zugeschnittene Antwort geben. Ihre Zufriedenheit ist unsere Priorit\u00e4t und wir sind da, um Ihnen bei der Vorbereitung Ihres Aufenthaltes zu helfen.<\/p>\n\n\n\n<blockquote class=\"wp-block-quote has-text-align-center is-layout-flow wp-block-quote-is-layout-flow\">\n<blockquote class=\"wp-block-quote is-layout-flow wp-block-quote-is-layout-flow\">\n<h3 class=\"wp-block-heading has-text-align-center\"><strong>Entdecken Sie die <a href=\"https:\/\/camping-angouleme.fr\/wp-content\/uploads\/sites\/69\/2025\/01\/IPID-FIC-CGA-FORMULE-FLEX-FR.pdf\" target=\"_blank\" rel=\"noreferrer noopener\">Allgemeinen Gesch\u00e4ftsbedingungen unserer FLEX-Versicherung<\/a> im Detail.<\/strong><\/h3>\n<\/blockquote>\n<\/blockquote>\n<\/div>\n<\/div>\n<\/div>\n\n<div class=\"wp-block-group overflow-visible has-background is-layout-constrained wp-container-core-group-is-layout-612028c2 wp-block-group-is-layout-constrained\" style=\"border-top-color:var(--wp--preset--color--white);border-top-width:12rem;border-right-color:var(--wp--preset--color--white);border-bottom-color:var(--wp--preset--color--white);border-left-color:var(--wp--preset--color--white);background:linear-gradient(174deg,rgb(255,255,255) 29%,rgb(173,219,243) 29%);margin-top:0rem;margin-bottom:0;padding-top:var(--wp--preset--spacing--80);padding-bottom:8rem\">\n<figure class=\"wp-block-image size-full is-resized rellax is-style-gt-bg-image-bottom-left\"><img decoding=\"async\" width=\"273\" height=\"218\" sizes=\"(max-width: min(calc(100% - 15vw), 205px)) 100vw, min(calc(100% - 15vw), 205px)\" src=\"https:\/\/campingcoiroux.fr\/wp-content\/uploads\/sites\/27\/2023\/05\/actualites-camping-paradis.png\" alt=\"Camping Paradis\" class=\"wp-image-841\" style=\"width:205px;height:164px\" \/><\/figure>\n\n\n\n<h2 class=\"wp-block-heading has-text-align-center z-index-3 position-relative m-n-t-20 animated fadeInUp has-large-font-size\">Schauen Sie sich unsere anderen Seiten an:<\/h2>\n\n\n\n<div class=\"wp-block-group is-content-justification-center is-layout-constrained wp-container-core-group-is-layout-1557714b wp-block-group-is-layout-constrained\">\n<hr class=\"wp-block-separator has-text-color has-link-color-color has-alpha-channel-opacity has-link-color-background-color has-background animated fadeInUp delay-200ms\" \/>\n<\/div>\n\n\n\r\n<div \r\n     \r\n    class=\"gt-maillage-block\" \r\n    style=\"border-top-left-radius:0px;border-top-right-radius:0px;border-bottom-left-radius:0px;border-bottom-right-radius:0px;border-style:none;border-width:0px;\"\r\n>\r\n\r\n    \r\n        \r\n        <article \r\n    class=\"gt-cta gt-cta--page\" \r\n    style=\"aspect-ratio:1\/1\"\r\n>\r\n    <a href=\"https:\/\/campingcoiroux.fr\/de\/kontakt-zugang\/\" title=\"Info &amp; Kontakt\" class=\"gt-cta__link\">\r\n        <div class=\"gt-cta__thumb\">\r\n                            <img alt=\"austin ban juHayWuaaoQ unsplash scaled copie 1 scaled\" decoding=\"async\" width=\"2048\" height=\"647\" src=\"https:\/\/campingcoiroux.fr\/wp-content\/uploads\/sites\/27\/2023\/08\/austin-ban-juHayWuaaoQ-unsplash-scaled-copie-1-scaled.webp\" class=\"attachment-full size-full wp-post-image\" alt=\"\" srcset=\"https:\/\/campingcoiroux.fr\/wp-content\/uploads\/sites\/27\/2023\/08\/austin-ban-juHayWuaaoQ-unsplash-scaled-copie-1-scaled.webp 2048w, https:\/\/campingcoiroux.fr\/wp-content\/uploads\/sites\/27\/2023\/08\/austin-ban-juHayWuaaoQ-unsplash-scaled-copie-1-300x95.webp 300w, https:\/\/campingcoiroux.fr\/wp-content\/uploads\/sites\/27\/2023\/08\/austin-ban-juHayWuaaoQ-unsplash-scaled-copie-1-1024x324.webp 1024w, https:\/\/campingcoiroux.fr\/wp-content\/uploads\/sites\/27\/2023\/08\/austin-ban-juHayWuaaoQ-unsplash-scaled-copie-1-768x243.webp 768w, https:\/\/campingcoiroux.fr\/wp-content\/uploads\/sites\/27\/2023\/08\/austin-ban-juHayWuaaoQ-unsplash-scaled-copie-1-1536x485.webp 1536w\" sizes=\"(max-width: 2048px) 100vw, 2048px\" \/>                    <\/div>\r\n        <div class=\"gt-cta__content\">\r\n            <div class=\"gt-cta__title\">\r\n                Info &amp; Kontakt            <\/div>\r\n        <\/div>\r\n    <\/a>\r\n<\/article>\r\n    \r\n        <article \r\n    class=\"gt-cta gt-cta--page\" \r\n    style=\"aspect-ratio:1\/1\"\r\n>\r\n    <a href=\"https:\/\/campingcoiroux.fr\/de\/camping-familial-coiroux\/\" title=\"Dienste\" class=\"gt-cta__link\">\r\n        <div class=\"gt-cta__thumb\">\r\n                            <img alt=\"Camping Paradis le Coiroux en Correze 5\" decoding=\"async\" width=\"1024\" height=\"683\" src=\"https:\/\/campingcoiroux.fr\/wp-content\/uploads\/sites\/27\/2023\/07\/Camping-Paradis-le-Coiroux-en-Correze-5.webp\" class=\"attachment-full size-full wp-post-image\" alt=\"\" srcset=\"https:\/\/campingcoiroux.fr\/wp-content\/uploads\/sites\/27\/2023\/07\/Camping-Paradis-le-Coiroux-en-Correze-5.webp 1024w, https:\/\/campingcoiroux.fr\/wp-content\/uploads\/sites\/27\/2023\/07\/Camping-Paradis-le-Coiroux-en-Correze-5-300x200.webp 300w, https:\/\/campingcoiroux.fr\/wp-content\/uploads\/sites\/27\/2023\/07\/Camping-Paradis-le-Coiroux-en-Correze-5-768x512.webp 768w\" sizes=\"(max-width: 1024px) 100vw, 1024px\" \/>                    <\/div>\r\n        <div class=\"gt-cta__content\">\r\n            <div class=\"gt-cta__title\">\r\n                Dienste            <\/div>\r\n        <\/div>\r\n    <\/a>\r\n<\/article>\r\n    \r\n        <article \r\n    class=\"gt-cta gt-cta--page\" \r\n    style=\"aspect-ratio:1\/1\"\r\n>\r\n    <a href=\"https:\/\/campingcoiroux.fr\/de\/tourismus-correze\/\" title=\"Tourismus\" class=\"gt-cta__link\">\r\n        <div class=\"gt-cta__thumb\">\r\n                            <img alt=\"Paysage_de_la_Reserve_naturelle_regionale_de_la_haute_vallee_de_la_Vezere_la_tourbiere etang_de_Chabannes_commune_de_Saint Merd les Oussines_Corr copie scaled\" decoding=\"async\" width=\"2048\" height=\"647\" src=\"https:\/\/campingcoiroux.fr\/wp-content\/uploads\/sites\/27\/2023\/08\/Paysage_de_la_Reserve_naturelle_regionale_de_la_haute_vallee_de_la_Vezere_la_tourbiere-etang_de_Chabannes_commune_de_Saint-Merd-les-Oussines_Corr-copie-scaled.webp\" class=\"attachment-full size-full wp-post-image\" alt=\"\" srcset=\"https:\/\/campingcoiroux.fr\/wp-content\/uploads\/sites\/27\/2023\/08\/Paysage_de_la_Reserve_naturelle_regionale_de_la_haute_vallee_de_la_Vezere_la_tourbiere-etang_de_Chabannes_commune_de_Saint-Merd-les-Oussines_Corr-copie-scaled.webp 2048w, https:\/\/campingcoiroux.fr\/wp-content\/uploads\/sites\/27\/2023\/08\/Paysage_de_la_Reserve_naturelle_regionale_de_la_haute_vallee_de_la_Vezere_la_tourbiere-etang_de_Chabannes_commune_de_Saint-Merd-les-Oussines_Corr-copie-300x95.webp 300w, https:\/\/campingcoiroux.fr\/wp-content\/uploads\/sites\/27\/2023\/08\/Paysage_de_la_Reserve_naturelle_regionale_de_la_haute_vallee_de_la_Vezere_la_tourbiere-etang_de_Chabannes_commune_de_Saint-Merd-les-Oussines_Corr-copie-1024x323.webp 1024w, https:\/\/campingcoiroux.fr\/wp-content\/uploads\/sites\/27\/2023\/08\/Paysage_de_la_Reserve_naturelle_regionale_de_la_haute_vallee_de_la_Vezere_la_tourbiere-etang_de_Chabannes_commune_de_Saint-Merd-les-Oussines_Corr-copie-768x243.webp 768w, https:\/\/campingcoiroux.fr\/wp-content\/uploads\/sites\/27\/2023\/08\/Paysage_de_la_Reserve_naturelle_regionale_de_la_haute_vallee_de_la_Vezere_la_tourbiere-etang_de_Chabannes_commune_de_Saint-Merd-les-Oussines_Corr-copie-1536x485.webp 1536w\" sizes=\"(max-width: 2048px) 100vw, 2048px\" \/>                    <\/div>\r\n        <div class=\"gt-cta__content\">\r\n            <div class=\"gt-cta__title\">\r\n                Tourismus            <\/div>\r\n        <\/div>\r\n    <\/a>\r\n<\/article>\r\n            \r\n<\/div><\/div>\n","protected":false},"excerpt":{"rendered":"<p>Reiser\u00fccktrittsversicherung Unsere FLEX-Versicherung FLEX-Versicherung: Stornierung mit oder ohne Nachweis f\u00fcr jedes unvorhersehbare, von Ihrem Willen unabh\u00e4ngige Ereignis, das Sie daran hindert, die Reise anzutreten. Sie k\u00f6nnen uns \u00fcber unser Kontaktformularoder telefonisch unter +33 (0) 5 55 27 21 96. Wir werden Ihnen eine schnelle und auf Ihre Bed\u00fcrfnisse zugeschnittene Antwort geben. Ihre Zufriedenheit ist unsere [&hellip;]<\/p>\n","protected":false},"author":5,"featured_media":0,"parent":0,"menu_order":2,"comment_status":"closed","ping_status":"closed","template":"","meta":{"_acf_changed":false,"footnotes":""},"class_list":["post-13877","page","type-page","status-publish","hentry"],"acf":[],"yoast_head":"<!-- This site is optimized with the Yoast SEO plugin v24.8.1 - https:\/\/yoast.com\/wordpress\/plugins\/seo\/ -->\n<title>Info Reiser\u00fccktrittsversicherung - Camping Paradis Le Coiroux - Site Officiel - Meilleur Prix Garanti<\/title>\n<meta name=\"robots\" content=\"index, follow, max-snippet:-1, max-image-preview:large, max-video-preview:-1\" \/>\n<link rel=\"canonical\" href=\"https:\/\/campingcoiroux.fr\/de\/info-assurance-annulation\/\" \/>\n<meta property=\"og:locale\" content=\"de_DE\" \/>\n<meta property=\"og:type\" content=\"article\" \/>\n<meta property=\"og:title\" content=\"Info Reiser\u00fccktrittsversicherung - Camping Paradis Le Coiroux - Site Officiel - Meilleur Prix Garanti\" \/>\n<meta property=\"og:description\" content=\"Reiser\u00fccktrittsversicherung Unsere FLEX-Versicherung FLEX-Versicherung: Stornierung mit oder ohne Nachweis f\u00fcr jedes unvorhersehbare, von Ihrem Willen unabh\u00e4ngige Ereignis, das Sie daran hindert, die Reise anzutreten. Sie k\u00f6nnen uns \u00fcber unser Kontaktformularoder telefonisch unter +33 (0) 5 55 27 21 96. Wir werden Ihnen eine schnelle und auf Ihre Bed\u00fcrfnisse zugeschnittene Antwort geben. Ihre Zufriedenheit ist unsere [&hellip;]\" \/>\n<meta property=\"og:url\" content=\"https:\/\/campingcoiroux.fr\/de\/info-assurance-annulation\/\" \/>\n<meta property=\"og:site_name\" content=\"Camping Paradis Le Coiroux - Site Officiel - Meilleur Prix Garanti\" \/>\n<meta property=\"article:modified_time\" content=\"2025-04-29T10:07:14+00:00\" \/>\n<meta property=\"og:image\" content=\"https:\/\/campingcoiroux.fr\/wp-content\/uploads\/sites\/27\/2023\/05\/actualites-camping-paradis.png\" \/>\n<meta name=\"twitter:card\" content=\"summary_large_image\" \/>\n<meta name=\"twitter:label1\" content=\"Gesch\u00e4tzte Lesezeit\" \/>\n\t<meta name=\"twitter:data1\" content=\"1\u00a0Minute\" \/>\n<script type=\"application\/ld+json\" class=\"yoast-schema-graph\">{\"@context\":\"https:\/\/schema.org\",\"@graph\":[{\"@type\":\"WebPage\",\"@id\":\"https:\/\/campingcoiroux.fr\/de\/info-assurance-annulation\/\",\"url\":\"https:\/\/campingcoiroux.fr\/de\/info-assurance-annulation\/\",\"name\":\"Info Reiser\u00fccktrittsversicherung - Camping Paradis Le Coiroux - Site Officiel - Meilleur Prix Garanti\",\"isPartOf\":{\"@id\":\"https:\/\/campingcoiroux.fr\/de\/#website\"},\"primaryImageOfPage\":{\"@id\":\"https:\/\/campingcoiroux.fr\/de\/info-assurance-annulation\/#primaryimage\"},\"image\":{\"@id\":\"https:\/\/campingcoiroux.fr\/de\/info-assurance-annulation\/#primaryimage\"},\"thumbnailUrl\":\"https:\/\/campingcoiroux.fr\/wp-content\/uploads\/sites\/27\/2023\/05\/actualites-camping-paradis.png\",\"datePublished\":\"2025-02-28T17:41:16+00:00\",\"dateModified\":\"2025-04-29T10:07:14+00:00\",\"breadcrumb\":{\"@id\":\"https:\/\/campingcoiroux.fr\/de\/info-assurance-annulation\/#breadcrumb\"},\"inLanguage\":\"de\",\"potentialAction\":[{\"@type\":\"ReadAction\",\"target\":[\"https:\/\/campingcoiroux.fr\/de\/info-assurance-annulation\/\"]}]},{\"@type\":\"ImageObject\",\"inLanguage\":\"de\",\"@id\":\"https:\/\/campingcoiroux.fr\/de\/info-assurance-annulation\/#primaryimage\",\"url\":\"https:\/\/campingcoiroux.fr\/wp-content\/uploads\/sites\/27\/2023\/05\/actualites-camping-paradis.png\",\"contentUrl\":\"https:\/\/campingcoiroux.fr\/wp-content\/uploads\/sites\/27\/2023\/05\/actualites-camping-paradis.png\"},{\"@type\":\"BreadcrumbList\",\"@id\":\"https:\/\/campingcoiroux.fr\/de\/info-assurance-annulation\/#breadcrumb\",\"itemListElement\":[{\"@type\":\"ListItem\",\"position\":1,\"name\":\"Startseite\",\"item\":\"https:\/\/campingcoiroux.fr\/de\/\"},{\"@type\":\"ListItem\",\"position\":2,\"name\":\"Info Reiser\u00fccktrittsversicherung\"}]},{\"@type\":\"WebSite\",\"@id\":\"https:\/\/campingcoiroux.fr\/de\/#website\",\"url\":\"https:\/\/campingcoiroux.fr\/de\/\",\"name\":\"Camping Paradis Le Coiroux - Site Officiel - Meilleur Prix Garanti\",\"description\":\"\",\"publisher\":{\"@id\":\"https:\/\/campingcoiroux.fr\/de\/#organization\"},\"potentialAction\":[{\"@type\":\"SearchAction\",\"target\":{\"@type\":\"EntryPoint\",\"urlTemplate\":\"https:\/\/campingcoiroux.fr\/de\/?s={search_term_string}\"},\"query-input\":{\"@type\":\"PropertyValueSpecification\",\"valueRequired\":true,\"valueName\":\"search_term_string\"}}],\"inLanguage\":\"de\"},{\"@type\":\"Organization\",\"@id\":\"https:\/\/campingcoiroux.fr\/de\/#organization\",\"name\":\"Camping Paradis Le Coiroux - Site Officiel - Meilleur Prix Garanti\",\"url\":\"https:\/\/campingcoiroux.fr\/de\/\",\"logo\":{\"@type\":\"ImageObject\",\"inLanguage\":\"de\",\"@id\":\"https:\/\/campingcoiroux.fr\/de\/#\/schema\/logo\/image\/\",\"url\":\"https:\/\/campingcoiroux.fr\/wp-content\/uploads\/sites\/27\/2023\/08\/logo-coiroux.png\",\"contentUrl\":\"https:\/\/campingcoiroux.fr\/wp-content\/uploads\/sites\/27\/2023\/08\/logo-coiroux.png\",\"width\":2048,\"height\":1260,\"caption\":\"Camping Paradis Le Coiroux - Site Officiel - Meilleur Prix Garanti\"},\"image\":{\"@id\":\"https:\/\/campingcoiroux.fr\/de\/#\/schema\/logo\/image\/\"}}]}<\/script>\n<!-- \/ Yoast SEO plugin. -->","yoast_head_json":{"title":"Info Reiser\u00fccktrittsversicherung - Camping Paradis Le Coiroux - Site Officiel - Meilleur Prix Garanti","robots":{"index":"index","follow":"follow","max-snippet":"max-snippet:-1","max-image-preview":"max-image-preview:large","max-video-preview":"max-video-preview:-1"},"canonical":"https:\/\/campingcoiroux.fr\/de\/info-assurance-annulation\/","og_locale":"de_DE","og_type":"article","og_title":"Info Reiser\u00fccktrittsversicherung - Camping Paradis Le Coiroux - Site Officiel - Meilleur Prix Garanti","og_description":"Reiser\u00fccktrittsversicherung Unsere FLEX-Versicherung FLEX-Versicherung: Stornierung mit oder ohne Nachweis f\u00fcr jedes unvorhersehbare, von Ihrem Willen unabh\u00e4ngige Ereignis, das Sie daran hindert, die Reise anzutreten. Sie k\u00f6nnen uns \u00fcber unser Kontaktformularoder telefonisch unter +33 (0) 5 55 27 21 96. Wir werden Ihnen eine schnelle und auf Ihre Bed\u00fcrfnisse zugeschnittene Antwort geben. Ihre Zufriedenheit ist unsere [&hellip;]","og_url":"https:\/\/campingcoiroux.fr\/de\/info-assurance-annulation\/","og_site_name":"Camping Paradis Le Coiroux - Site Officiel - Meilleur Prix Garanti","article_modified_time":"2025-04-29T10:07:14+00:00","og_image":[{"url":"https:\/\/campingcoiroux.fr\/wp-content\/uploads\/sites\/27\/2023\/05\/actualites-camping-paradis.png","type":"","width":"","height":""}],"twitter_card":"summary_large_image","twitter_misc":{"Gesch\u00e4tzte Lesezeit":"1\u00a0Minute"},"schema":{"@context":"https:\/\/schema.org","@graph":[{"@type":"WebPage","@id":"https:\/\/campingcoiroux.fr\/de\/info-assurance-annulation\/","url":"https:\/\/campingcoiroux.fr\/de\/info-assurance-annulation\/","name":"Info Reiser\u00fccktrittsversicherung - Camping Paradis Le Coiroux - Site Officiel - Meilleur Prix Garanti","isPartOf":{"@id":"https:\/\/campingcoiroux.fr\/de\/#website"},"primaryImageOfPage":{"@id":"https:\/\/campingcoiroux.fr\/de\/info-assurance-annulation\/#primaryimage"},"image":{"@id":"https:\/\/campingcoiroux.fr\/de\/info-assurance-annulation\/#primaryimage"},"thumbnailUrl":"https:\/\/campingcoiroux.fr\/wp-content\/uploads\/sites\/27\/2023\/05\/actualites-camping-paradis.png","datePublished":"2025-02-28T17:41:16+00:00","dateModified":"2025-04-29T10:07:14+00:00","breadcrumb":{"@id":"https:\/\/campingcoiroux.fr\/de\/info-assurance-annulation\/#breadcrumb"},"inLanguage":"de","potentialAction":[{"@type":"ReadAction","target":["https:\/\/campingcoiroux.fr\/de\/info-assurance-annulation\/"]}]},{"@type":"ImageObject","inLanguage":"de","@id":"https:\/\/campingcoiroux.fr\/de\/info-assurance-annulation\/#primaryimage","url":"https:\/\/campingcoiroux.fr\/wp-content\/uploads\/sites\/27\/2023\/05\/actualites-camping-paradis.png","contentUrl":"https:\/\/campingcoiroux.fr\/wp-content\/uploads\/sites\/27\/2023\/05\/actualites-camping-paradis.png"},{"@type":"BreadcrumbList","@id":"https:\/\/campingcoiroux.fr\/de\/info-assurance-annulation\/#breadcrumb","itemListElement":[{"@type":"ListItem","position":1,"name":"Startseite","item":"https:\/\/campingcoiroux.fr\/de\/"},{"@type":"ListItem","position":2,"name":"Info Reiser\u00fccktrittsversicherung"}]},{"@type":"WebSite","@id":"https:\/\/campingcoiroux.fr\/de\/#website","url":"https:\/\/campingcoiroux.fr\/de\/","name":"Camping Paradis Le Coiroux - Site Officiel - Meilleur Prix Garanti","description":"","publisher":{"@id":"https:\/\/campingcoiroux.fr\/de\/#organization"},"potentialAction":[{"@type":"SearchAction","target":{"@type":"EntryPoint","urlTemplate":"https:\/\/campingcoiroux.fr\/de\/?s={search_term_string}"},"query-input":{"@type":"PropertyValueSpecification","valueRequired":true,"valueName":"search_term_string"}}],"inLanguage":"de"},{"@type":"Organization","@id":"https:\/\/campingcoiroux.fr\/de\/#organization","name":"Camping Paradis Le Coiroux - Site Officiel - Meilleur Prix Garanti","url":"https:\/\/campingcoiroux.fr\/de\/","logo":{"@type":"ImageObject","inLanguage":"de","@id":"https:\/\/campingcoiroux.fr\/de\/#\/schema\/logo\/image\/","url":"https:\/\/campingcoiroux.fr\/wp-content\/uploads\/sites\/27\/2023\/08\/logo-coiroux.png","contentUrl":"https:\/\/campingcoiroux.fr\/wp-content\/uploads\/sites\/27\/2023\/08\/logo-coiroux.png","width":2048,"height":1260,"caption":"Camping Paradis Le Coiroux - Site Officiel - Meilleur Prix Garanti"},"image":{"@id":"https:\/\/campingcoiroux.fr\/de\/#\/schema\/logo\/image\/"}}]}},"_links":{"self":[{"href":"https:\/\/campingcoiroux.fr\/de\/wp-json\/wp\/v2\/pages\/13877","targetHints":{"allow":["GET"]}}],"collection":[{"href":"https:\/\/campingcoiroux.fr\/de\/wp-json\/wp\/v2\/pages"}],"about":[{"href":"https:\/\/campingcoiroux.fr\/de\/wp-json\/wp\/v2\/types\/page"}],"author":[{"embeddable":true,"href":"https:\/\/campingcoiroux.fr\/de\/wp-json\/wp\/v2\/users\/5"}],"replies":[{"embeddable":true,"href":"https:\/\/campingcoiroux.fr\/de\/wp-json\/wp\/v2\/comments?post=13877"}],"version-history":[{"count":2,"href":"https:\/\/campingcoiroux.fr\/de\/wp-json\/wp\/v2\/pages\/13877\/revisions"}],"predecessor-version":[{"id":13879,"href":"https:\/\/campingcoiroux.fr\/de\/wp-json\/wp\/v2\/pages\/13877\/revisions\/13879"}],"wp:attachment":[{"href":"https:\/\/campingcoiroux.fr\/de\/wp-json\/wp\/v2\/media?parent=13877"}],"curies":[{"name":"wp","href":"https:\/\/api.w.org\/{rel}","templated":true}]}}