{"id":6454,"date":"2023-06-20T10:45:38","date_gmt":"2023-06-20T08:45:38","guid":{"rendered":"https:\/\/campingcoiroux.fr\/kontakt-zugang\/"},"modified":"2023-11-10T12:04:40","modified_gmt":"2023-11-10T11:04:40","slug":"kontakt-zugang","status":"publish","type":"page","link":"https:\/\/campingcoiroux.fr\/de\/kontakt-zugang\/","title":{"rendered":"Info &amp; Kontakt"},"content":{"rendered":"\n<div class=\"wp-block-group is-layout-constrained wp-container-core-group-is-layout-bbbb44a5 wp-block-group-is-layout-constrained\" style=\"padding-top:var(--wp--preset--spacing--60);padding-right:var(--wp--preset--spacing--60);padding-bottom:var(--wp--preset--spacing--60);padding-left:var(--wp--preset--spacing--60)\">\n<h1 class=\"wp-block-heading has-text-align-center has-link-color-color has-text-color\" style=\"margin-top:var(--wp--preset--spacing--60);margin-right:var(--wp--preset--spacing--60);margin-bottom:var(--wp--preset--spacing--60);margin-left:var(--wp--preset--spacing--60);padding-top:var(--wp--preset--spacing--60);padding-right:var(--wp--preset--spacing--60);padding-bottom:var(--wp--preset--spacing--60);padding-left:var(--wp--preset--spacing--60)\">Kontakt &amp; Zugang<\/h1>\n\n\n\n<div class=\"wp-block-columns is-layout-flex wp-container-core-columns-is-layout-28f84493 wp-block-columns-is-layout-flex\">\n<div class=\"wp-block-column is-vertically-aligned-top is-layout-flow wp-block-column-is-layout-flow\">\n<h2 class=\"wp-block-heading\">Anfahrt zum Camping Paradis<\/h2>\n\n\n\n<p>Machen Sie sich bereit f\u00fcr ein unvergessliches Erlebnis im Herzen der Corr\u00e8ze! Unser <a href=\"https:\/\/campingcoiroux.fr\/de\/\">Campingplatz Paradis Le Coiroux<\/a> liegt in der N\u00e4he von Brive-la-Gaillarde und ist leicht erreichbar und verspricht einen totalen Tapetenwechsel.<\/p>\n\n\n\n<p>Unser Campingplatz Paradis befindet sich an <strong>folgender Adresse<\/strong> : Parc du Coiroux Centre touristique du Coiroux 19190 Aubazine.<\/p>\n\n\n\n<p><strong>GPS-Koordinaten<\/strong> : 45.18666409622885, 1.7082380147784568.<\/p>\n\n\n\n<p>Wir freuen uns darauf, Sie willkommen zu hei\u00dfen und Ihnen zu helfen, die Wunder unserer sch\u00f6nen Region zu entdecken. Bis bald in der Corr\u00e8ze!<\/p>\n<\/div>\n\n\n\n<div class=\"wp-block-column is-layout-flow wp-block-column-is-layout-flow\">\n<iframe src=\"https:\/\/www.google.com\/maps\/embed?pb=!1m18!1m12!1m3!1d53508.038611342294!2d1.658586513707137!3d45.18365757494126!2m3!1f0!2f0!3f0!3m2!1i1024!2i768!4f13.1!3m3!1m2!1s0x47f89034ce46782b%3A0x9ac55a05f495c5f9!2sCamping%20Paradis%20Le%20Coiroux!5e0!3m2!1sfr!2sfr!4v1693488689588!5m2!1sfr!2sfr\" width=\"100%\" height=\"500\" style=\"border:0;\" allowfullscreen=\"\" loading=\"lazy\" referrerpolicy=\"no-referrer-when-downgrade\"><\/iframe>\n<\/div>\n<\/div>\n\n\n\n<div class=\"wp-block-columns is-layout-flex wp-container-core-columns-is-layout-28f84493 wp-block-columns-is-layout-flex\">\n<div class=\"wp-block-column is-vertically-aligned-center is-layout-flow wp-block-column-is-layout-flow\">\n<div class=\"wp-block-contact-form-7-contact-form-selector formulaire-contact\">\n<div class=\"wpcf7 no-js\" id=\"wpcf7-f6597-o1\" lang=\"de-DE\" dir=\"ltr\" data-wpcf7-id=\"6597\">\n<div class=\"screen-reader-response\"><p role=\"status\" aria-live=\"polite\" aria-atomic=\"true\"><\/p> <ul><\/ul><\/div>\n<form action=\"\/de\/wp-json\/wp\/v2\/pages\/6454#wpcf7-f6597-o1\" method=\"post\" class=\"wpcf7-form init\" id=\"formulaire-contact\" aria-label=\"Kontaktformular\" novalidate=\"novalidate\" data-status=\"init\">\n<div style=\"display: none;\">\n<input type=\"hidden\" name=\"_wpcf7\" value=\"6597\" \/>\n<input type=\"hidden\" name=\"_wpcf7_version\" value=\"6.0.6\" \/>\n<input type=\"hidden\" name=\"_wpcf7_locale\" value=\"de_DE\" \/>\n<input type=\"hidden\" name=\"_wpcf7_unit_tag\" value=\"wpcf7-f6597-o1\" \/>\n<input type=\"hidden\" name=\"_wpcf7_container_post\" value=\"0\" \/>\n<input type=\"hidden\" name=\"_wpcf7_posted_data_hash\" value=\"\" \/>\n<input type=\"hidden\" name=\"_wpcf7_recaptcha_response\" value=\"\" \/>\n<\/div>\n<p><label> Ihr Name<br \/>\n<span class=\"wpcf7-form-control-wrap\" data-name=\"your-name\"><input size=\"40\" maxlength=\"400\" class=\"wpcf7-form-control wpcf7-text wpcf7-validates-as-required\" autocomplete=\"name\" aria-required=\"true\" aria-invalid=\"false\" value=\"\" type=\"text\" name=\"your-name\" \/><\/span> <\/label>\n<\/p>\n<p><label> Ihre E-Mail-Adresse<br \/>\n<span class=\"wpcf7-form-control-wrap\" data-name=\"your-email\"><input size=\"40\" maxlength=\"400\" class=\"wpcf7-form-control wpcf7-email wpcf7-validates-as-required wpcf7-text wpcf7-validates-as-email\" autocomplete=\"email\" aria-required=\"true\" aria-invalid=\"false\" value=\"\" type=\"email\" name=\"your-email\" \/><\/span> <\/label>\n<\/p>\n<p><label> Objekt<br \/>\n<span class=\"wpcf7-form-control-wrap\" data-name=\"your-subject\"><input size=\"40\" maxlength=\"400\" class=\"wpcf7-form-control wpcf7-text wpcf7-validates-as-required\" aria-required=\"true\" aria-invalid=\"false\" value=\"\" type=\"text\" name=\"your-subject\" \/><\/span> <\/label>\n<\/p>\n<p><label> Ihre Nachricht<br \/>\n<span class=\"wpcf7-form-control-wrap\" data-name=\"your-message\"><textarea cols=\"40\" rows=\"10\" maxlength=\"2000\" class=\"wpcf7-form-control wpcf7-textarea\" aria-invalid=\"false\" name=\"your-message\"><\/textarea><\/span> <\/label>\n<\/p>\n<p><span class=\"wpcf7-form-control-wrap\" data-name=\"acceptance-553\"><span class=\"wpcf7-form-control wpcf7-acceptance\"><span class=\"wpcf7-list-item\"><label><input type=\"checkbox\" name=\"acceptance-553\" value=\"1\" aria-invalid=\"false\" \/><span class=\"wpcf7-list-item-label\">Durch Ankreuzen dieses K\u00e4stchens stimme ich der <a href=\"\/politique-de-confidentialite\/\" rel=\"nofollow\" target=\"_blank\">Datenschutzerkl\u00e4rung<\/a> dieser Website zu.<\/span><\/label><\/span><\/span><\/span>\n<\/p>\n<p><input class=\"wpcf7-form-control wpcf7-submit has-spinner\" type=\"submit\" value=\"Envoyer\" \/>\n<\/p><div class=\"wpcf7-response-output\" aria-hidden=\"true\"><\/div>\n<\/form>\n<\/div>\n<\/div>\n<\/div>\n\n\n\n<div class=\"wp-block-column is-vertically-aligned-center is-layout-flow wp-block-column-is-layout-flow\">\n<h2 class=\"wp-block-heading\">Wie erreichen Sie uns?<\/h2>\n\n\n\n<p>Ben\u00f6tigen Sie weitere Informationen oder haben Sie eine spezielle Frage? Kein Problem, wir helfen Ihnen gerne weiter!<\/p>\n\n\n\n<p>Sie k\u00f6nnen uns ganz einfach \u00fcber unser <strong>Kontaktformular<\/strong> auf unserer Website kontaktieren.<\/p>\n\n\n\n<p>Rufen Sie uns lieber an?  <br><strong>Rufen Sie uns an unter + 33 (0) 5 55 27 21 96<\/strong>, unser Team steht Ihnen zur Verf\u00fcgung, um Ihre Fragen zu beantworten und Sie bei Ihrem Aufenthaltsprojekt zu unterst\u00fctzen.<\/p>\n\n\n\n<p>Wenn Sie uns <strong>eine E-Mail senden<\/strong> m\u00f6chten, z\u00f6gern Sie bitte nicht, uns unter <a href=\"mailto:campingparadiscoiroux@alphacamping.fr\">campingparadiscoiroux@alphacamping.fr<\/a> zu schreiben.<\/p>\n\n\n\n<p>Wir werden uns bem\u00fchen, Ihre Anfragen so schnell wie m\u00f6glich zu beantworten.<\/p>\n<\/div>\n<\/div>\n<\/div>\n\n\n\n<div class=\"wp-block-group overflow-visible has-background is-layout-constrained wp-container-core-group-is-layout-155c3ba4 wp-block-group-is-layout-constrained\" style=\"border-top-color:var(--wp--preset--color--white);border-top-width:12rem;border-right-color:var(--wp--preset--color--white);border-bottom-color:var(--wp--preset--color--white);border-left-color:var(--wp--preset--color--white);background:linear-gradient(160deg,rgb(255,255,255) 29%,rgb(173,219,243) 29%);margin-top:0rem;margin-bottom:0;padding-top:var(--wp--preset--spacing--80);padding-bottom:8rem\">\n<figure class=\"wp-block-image size-full is-resized rellax is-style-gt-bg-image-bottom-left\"><img decoding=\"async\" width=\"273\" height=\"218\" sizes=\"(max-width: min(calc(100% - 15vw), 205px)) 100vw, min(calc(100% - 15vw), 205px)\" src=\"https:\/\/campingcoiroux.fr\/wp-content\/uploads\/sites\/27\/2023\/05\/actualites-camping-paradis.png\" alt=\"Camping Paradis\" class=\"wp-image-841\" style=\"width:205px;height:164px\"\/><\/figure>\n\n\n\n<h2 class=\"wp-block-heading has-text-align-center z-index-3 position-relative m-n-t-20 animated fadeInUp has-large-font-size\">Entdecken Sie unsere Aktivit\u00e4ten, unser Schwimmbad und unsere Mietunterk\u00fcnfte<\/h2>\n\n\n\n<div class=\"wp-block-group is-content-justification-center is-layout-constrained wp-container-core-group-is-layout-1557714b wp-block-group-is-layout-constrained\">\n<hr class=\"wp-block-separator has-text-color has-link-color-color has-alpha-channel-opacity has-link-color-background-color has-background animated fadeInUp delay-200ms\"\/>\n<\/div>\n\n\n\r\n<div \r\n     \r\n    class=\"gt-maillage-block animated fadeInUp delay-100ms slow\" \r\n    style=\"\"\r\n>\r\n\r\n    \r\n        \r\n        <article \r\n    class=\"gt-cta gt-cta--page\" \r\n    style=\"aspect-ratio:1\/1\"\r\n>\r\n    <a href=\"https:\/\/campingcoiroux.fr\/de\/camping-animationen-coiroux\/\" title=\"Aktivit\u00e4ten und Unterhaltung\" class=\"gt-cta__link\">\r\n        <div class=\"gt-cta__thumb\">\r\n                            <img alt=\"Camping Paradis VAl de coise etalos 147\" decoding=\"async\" width=\"1024\" height=\"768\" src=\"https:\/\/campingcoiroux.fr\/wp-content\/uploads\/sites\/27\/2023\/08\/Camping-Paradis-VAl-de-coise-etalos-147.webp\" class=\"attachment-full size-full wp-post-image\" alt=\"\" srcset=\"https:\/\/campingcoiroux.fr\/wp-content\/uploads\/sites\/27\/2023\/08\/Camping-Paradis-VAl-de-coise-etalos-147.webp 1024w, https:\/\/campingcoiroux.fr\/wp-content\/uploads\/sites\/27\/2023\/08\/Camping-Paradis-VAl-de-coise-etalos-147-300x225.webp 300w, https:\/\/campingcoiroux.fr\/wp-content\/uploads\/sites\/27\/2023\/08\/Camping-Paradis-VAl-de-coise-etalos-147-768x576.webp 768w\" sizes=\"(max-width: 1024px) 100vw, 1024px\" \/>                    <\/div>\r\n        <div class=\"gt-cta__content\">\r\n            <div class=\"gt-cta__title\">\r\n                Aktivit\u00e4ten und Unterhaltung            <\/div>\r\n        <\/div>\r\n    <\/a>\r\n<\/article>\r\n    \r\n        <article \r\n    class=\"gt-cta gt-cta--page\" \r\n    style=\"aspect-ratio:1\/1\"\r\n>\r\n    <a href=\"https:\/\/campingcoiroux.fr\/de\/camping-aquatique-area-coiroux\/\" title=\"Wasserbereich\" class=\"gt-cta__link\">\r\n        <div class=\"gt-cta__thumb\">\r\n                            <img alt=\"enfant bouee piscine 1 scaled\" decoding=\"async\" width=\"2048\" height=\"647\" src=\"https:\/\/campingcoiroux.fr\/wp-content\/uploads\/sites\/27\/2023\/08\/enfant-bouee-piscine-1-scaled.webp\" class=\"attachment-full size-full wp-post-image\" alt=\"\" srcset=\"https:\/\/campingcoiroux.fr\/wp-content\/uploads\/sites\/27\/2023\/08\/enfant-bouee-piscine-1-scaled.webp 2048w, https:\/\/campingcoiroux.fr\/wp-content\/uploads\/sites\/27\/2023\/08\/enfant-bouee-piscine-1-300x95.webp 300w, https:\/\/campingcoiroux.fr\/wp-content\/uploads\/sites\/27\/2023\/08\/enfant-bouee-piscine-1-1024x324.webp 1024w, https:\/\/campingcoiroux.fr\/wp-content\/uploads\/sites\/27\/2023\/08\/enfant-bouee-piscine-1-768x243.webp 768w, https:\/\/campingcoiroux.fr\/wp-content\/uploads\/sites\/27\/2023\/08\/enfant-bouee-piscine-1-1536x485.webp 1536w\" sizes=\"(max-width: 2048px) 100vw, 2048px\" \/>                    <\/div>\r\n        <div class=\"gt-cta__content\">\r\n            <div class=\"gt-cta__title\">\r\n                Wasserbereich            <\/div>\r\n        <\/div>\r\n    <\/a>\r\n<\/article>\r\n    \r\n        <article \r\n    class=\"gt-cta gt-cta--page\" \r\n    style=\"aspect-ratio:1\/1\"\r\n>\r\n    <a href=\"https:\/\/campingcoiroux.fr\/de\/lage-mobilheim-coiroux\/\" title=\"Unsere Vermietungen\" class=\"gt-cta__link\">\r\n        <div class=\"gt-cta__thumb\">\r\n                            <img alt=\"camping le coiroux location vincent gerald 11 02 copie\" decoding=\"async\" width=\"1600\" height=\"506\" src=\"https:\/\/campingcoiroux.fr\/wp-content\/uploads\/sites\/27\/2023\/08\/camping-le-coiroux-location-vincent-gerald-11-02-copie.webp\" class=\"attachment-full size-full wp-post-image\" alt=\"\" srcset=\"https:\/\/campingcoiroux.fr\/wp-content\/uploads\/sites\/27\/2023\/08\/camping-le-coiroux-location-vincent-gerald-11-02-copie.webp 1600w, https:\/\/campingcoiroux.fr\/wp-content\/uploads\/sites\/27\/2023\/08\/camping-le-coiroux-location-vincent-gerald-11-02-copie-300x95.webp 300w, https:\/\/campingcoiroux.fr\/wp-content\/uploads\/sites\/27\/2023\/08\/camping-le-coiroux-location-vincent-gerald-11-02-copie-1024x324.webp 1024w, https:\/\/campingcoiroux.fr\/wp-content\/uploads\/sites\/27\/2023\/08\/camping-le-coiroux-location-vincent-gerald-11-02-copie-768x243.webp 768w, https:\/\/campingcoiroux.fr\/wp-content\/uploads\/sites\/27\/2023\/08\/camping-le-coiroux-location-vincent-gerald-11-02-copie-1536x486.webp 1536w\" sizes=\"(max-width: 1600px) 100vw, 1600px\" \/>                    <\/div>\r\n        <div class=\"gt-cta__content\">\r\n            <div class=\"gt-cta__title\">\r\n                Unsere Vermietungen            <\/div>\r\n        <\/div>\r\n    <\/a>\r\n<\/article>\r\n            \r\n<\/div><\/div>\n","protected":false},"excerpt":{"rendered":"<p>Kontakt &amp; Zugang Anfahrt zum Camping Paradis Machen Sie sich bereit f\u00fcr ein unvergessliches Erlebnis im Herzen der Corr\u00e8ze! Unser Campingplatz Paradis Le Coiroux liegt in der N\u00e4he von Brive-la-Gaillarde und ist leicht erreichbar und verspricht einen totalen Tapetenwechsel. Unser Campingplatz Paradis befindet sich an folgender Adresse : Parc du Coiroux Centre touristique du Coiroux [&hellip;]<\/p>\n","protected":false},"author":1,"featured_media":6459,"parent":0,"menu_order":38,"comment_status":"closed","ping_status":"closed","template":"","meta":{"_acf_changed":false,"footnotes":""},"class_list":["post-6454","page","type-page","status-publish","has-post-thumbnail","hentry"],"acf":[],"yoast_head":"<!-- This site is optimized with the Yoast SEO plugin v24.8.1 - https:\/\/yoast.com\/wordpress\/plugins\/seo\/ -->\n<title>Kontaktieren Sie den Campingplatz Le Coiroux | Route des Campingplatzes Corr\u00e8ze<\/title>\n<meta name=\"robots\" content=\"index, follow, max-snippet:-1, max-image-preview:large, max-video-preview:-1\" \/>\n<link rel=\"canonical\" href=\"https:\/\/campingcoiroux.fr\/de\/kontakt-zugang\/\" \/>\n<meta property=\"og:locale\" content=\"de_DE\" \/>\n<meta property=\"og:type\" content=\"article\" \/>\n<meta property=\"og:title\" content=\"Kontaktieren Sie den Campingplatz Le Coiroux | Route des Campingplatzes Corr\u00e8ze\" \/>\n<meta property=\"og:description\" content=\"Kontakt &amp; Zugang Anfahrt zum Camping Paradis Machen Sie sich bereit f\u00fcr ein unvergessliches Erlebnis im Herzen der Corr\u00e8ze! Unser Campingplatz Paradis Le Coiroux liegt in der N\u00e4he von Brive-la-Gaillarde und ist leicht erreichbar und verspricht einen totalen Tapetenwechsel. Unser Campingplatz Paradis befindet sich an folgender Adresse : Parc du Coiroux Centre touristique du Coiroux [&hellip;]\" \/>\n<meta property=\"og:url\" content=\"https:\/\/campingcoiroux.fr\/de\/kontakt-zugang\/\" \/>\n<meta property=\"og:site_name\" content=\"Camping Paradis Le Coiroux - Site Officiel - Meilleur Prix Garanti\" \/>\n<meta property=\"article:modified_time\" content=\"2023-11-10T11:04:40+00:00\" \/>\n<meta property=\"og:image\" content=\"http:\/\/campingcoiroux.fr\/wp-content\/uploads\/sites\/27\/2023\/08\/austin-ban-juHayWuaaoQ-unsplash-scaled-copie-1-scaled.webp\" \/>\n\t<meta property=\"og:image:width\" content=\"2048\" \/>\n\t<meta property=\"og:image:height\" content=\"647\" \/>\n\t<meta property=\"og:image:type\" content=\"image\/webp\" \/>\n<meta name=\"twitter:card\" content=\"summary_large_image\" \/>\n<meta name=\"twitter:label1\" content=\"Gesch\u00e4tzte Lesezeit\" \/>\n\t<meta name=\"twitter:data1\" content=\"2\u00a0Minuten\" \/>\n<script type=\"application\/ld+json\" class=\"yoast-schema-graph\">{\"@context\":\"https:\/\/schema.org\",\"@graph\":[{\"@type\":\"WebPage\",\"@id\":\"https:\/\/campingcoiroux.fr\/de\/kontakt-zugang\/\",\"url\":\"https:\/\/campingcoiroux.fr\/de\/kontakt-zugang\/\",\"name\":\"Kontaktieren Sie den Campingplatz Le Coiroux | Route des Campingplatzes Corr\u00e8ze\",\"isPartOf\":{\"@id\":\"https:\/\/campingcoiroux.fr\/de\/#website\"},\"primaryImageOfPage\":{\"@id\":\"https:\/\/campingcoiroux.fr\/de\/kontakt-zugang\/#primaryimage\"},\"image\":{\"@id\":\"https:\/\/campingcoiroux.fr\/de\/kontakt-zugang\/#primaryimage\"},\"thumbnailUrl\":\"https:\/\/campingcoiroux.fr\/wp-content\/uploads\/sites\/27\/2023\/08\/austin-ban-juHayWuaaoQ-unsplash-scaled-copie-1-scaled.webp\",\"datePublished\":\"2023-06-20T08:45:38+00:00\",\"dateModified\":\"2023-11-10T11:04:40+00:00\",\"breadcrumb\":{\"@id\":\"https:\/\/campingcoiroux.fr\/de\/kontakt-zugang\/#breadcrumb\"},\"inLanguage\":\"de\",\"potentialAction\":[{\"@type\":\"ReadAction\",\"target\":[\"https:\/\/campingcoiroux.fr\/de\/kontakt-zugang\/\"]}]},{\"@type\":\"ImageObject\",\"inLanguage\":\"de\",\"@id\":\"https:\/\/campingcoiroux.fr\/de\/kontakt-zugang\/#primaryimage\",\"url\":\"https:\/\/campingcoiroux.fr\/wp-content\/uploads\/sites\/27\/2023\/08\/austin-ban-juHayWuaaoQ-unsplash-scaled-copie-1-scaled.webp\",\"contentUrl\":\"https:\/\/campingcoiroux.fr\/wp-content\/uploads\/sites\/27\/2023\/08\/austin-ban-juHayWuaaoQ-unsplash-scaled-copie-1-scaled.webp\",\"width\":2048,\"height\":647},{\"@type\":\"BreadcrumbList\",\"@id\":\"https:\/\/campingcoiroux.fr\/de\/kontakt-zugang\/#breadcrumb\",\"itemListElement\":[{\"@type\":\"ListItem\",\"position\":1,\"name\":\"Startseite\",\"item\":\"https:\/\/campingcoiroux.fr\/de\/\"},{\"@type\":\"ListItem\",\"position\":2,\"name\":\"Info & Kontakt\"}]},{\"@type\":\"WebSite\",\"@id\":\"https:\/\/campingcoiroux.fr\/de\/#website\",\"url\":\"https:\/\/campingcoiroux.fr\/de\/\",\"name\":\"Camping Paradis Le Coiroux - Site Officiel - Meilleur Prix Garanti\",\"description\":\"\",\"publisher\":{\"@id\":\"https:\/\/campingcoiroux.fr\/de\/#organization\"},\"potentialAction\":[{\"@type\":\"SearchAction\",\"target\":{\"@type\":\"EntryPoint\",\"urlTemplate\":\"https:\/\/campingcoiroux.fr\/de\/?s={search_term_string}\"},\"query-input\":{\"@type\":\"PropertyValueSpecification\",\"valueRequired\":true,\"valueName\":\"search_term_string\"}}],\"inLanguage\":\"de\"},{\"@type\":\"Organization\",\"@id\":\"https:\/\/campingcoiroux.fr\/de\/#organization\",\"name\":\"Camping Paradis Le Coiroux - Site Officiel - Meilleur Prix Garanti\",\"url\":\"https:\/\/campingcoiroux.fr\/de\/\",\"logo\":{\"@type\":\"ImageObject\",\"inLanguage\":\"de\",\"@id\":\"https:\/\/campingcoiroux.fr\/de\/#\/schema\/logo\/image\/\",\"url\":\"https:\/\/campingcoiroux.fr\/wp-content\/uploads\/sites\/27\/2023\/08\/logo-coiroux.png\",\"contentUrl\":\"https:\/\/campingcoiroux.fr\/wp-content\/uploads\/sites\/27\/2023\/08\/logo-coiroux.png\",\"width\":2048,\"height\":1260,\"caption\":\"Camping Paradis Le Coiroux - Site Officiel - Meilleur Prix Garanti\"},\"image\":{\"@id\":\"https:\/\/campingcoiroux.fr\/de\/#\/schema\/logo\/image\/\"}}]}<\/script>\n<!-- \/ Yoast SEO plugin. -->","yoast_head_json":{"title":"Kontaktieren Sie den Campingplatz Le Coiroux | Route des Campingplatzes Corr\u00e8ze","robots":{"index":"index","follow":"follow","max-snippet":"max-snippet:-1","max-image-preview":"max-image-preview:large","max-video-preview":"max-video-preview:-1"},"canonical":"https:\/\/campingcoiroux.fr\/de\/kontakt-zugang\/","og_locale":"de_DE","og_type":"article","og_title":"Kontaktieren Sie den Campingplatz Le Coiroux | Route des Campingplatzes Corr\u00e8ze","og_description":"Kontakt &amp; Zugang Anfahrt zum Camping Paradis Machen Sie sich bereit f\u00fcr ein unvergessliches Erlebnis im Herzen der Corr\u00e8ze! Unser Campingplatz Paradis Le Coiroux liegt in der N\u00e4he von Brive-la-Gaillarde und ist leicht erreichbar und verspricht einen totalen Tapetenwechsel. Unser Campingplatz Paradis befindet sich an folgender Adresse : Parc du Coiroux Centre touristique du Coiroux [&hellip;]","og_url":"https:\/\/campingcoiroux.fr\/de\/kontakt-zugang\/","og_site_name":"Camping Paradis Le Coiroux - Site Officiel - Meilleur Prix Garanti","article_modified_time":"2023-11-10T11:04:40+00:00","og_image":[{"width":2048,"height":647,"url":"http:\/\/campingcoiroux.fr\/wp-content\/uploads\/sites\/27\/2023\/08\/austin-ban-juHayWuaaoQ-unsplash-scaled-copie-1-scaled.webp","type":"image\/webp"}],"twitter_card":"summary_large_image","twitter_misc":{"Gesch\u00e4tzte Lesezeit":"2\u00a0Minuten"},"schema":{"@context":"https:\/\/schema.org","@graph":[{"@type":"WebPage","@id":"https:\/\/campingcoiroux.fr\/de\/kontakt-zugang\/","url":"https:\/\/campingcoiroux.fr\/de\/kontakt-zugang\/","name":"Kontaktieren Sie den Campingplatz Le Coiroux | Route des Campingplatzes Corr\u00e8ze","isPartOf":{"@id":"https:\/\/campingcoiroux.fr\/de\/#website"},"primaryImageOfPage":{"@id":"https:\/\/campingcoiroux.fr\/de\/kontakt-zugang\/#primaryimage"},"image":{"@id":"https:\/\/campingcoiroux.fr\/de\/kontakt-zugang\/#primaryimage"},"thumbnailUrl":"https:\/\/campingcoiroux.fr\/wp-content\/uploads\/sites\/27\/2023\/08\/austin-ban-juHayWuaaoQ-unsplash-scaled-copie-1-scaled.webp","datePublished":"2023-06-20T08:45:38+00:00","dateModified":"2023-11-10T11:04:40+00:00","breadcrumb":{"@id":"https:\/\/campingcoiroux.fr\/de\/kontakt-zugang\/#breadcrumb"},"inLanguage":"de","potentialAction":[{"@type":"ReadAction","target":["https:\/\/campingcoiroux.fr\/de\/kontakt-zugang\/"]}]},{"@type":"ImageObject","inLanguage":"de","@id":"https:\/\/campingcoiroux.fr\/de\/kontakt-zugang\/#primaryimage","url":"https:\/\/campingcoiroux.fr\/wp-content\/uploads\/sites\/27\/2023\/08\/austin-ban-juHayWuaaoQ-unsplash-scaled-copie-1-scaled.webp","contentUrl":"https:\/\/campingcoiroux.fr\/wp-content\/uploads\/sites\/27\/2023\/08\/austin-ban-juHayWuaaoQ-unsplash-scaled-copie-1-scaled.webp","width":2048,"height":647},{"@type":"BreadcrumbList","@id":"https:\/\/campingcoiroux.fr\/de\/kontakt-zugang\/#breadcrumb","itemListElement":[{"@type":"ListItem","position":1,"name":"Startseite","item":"https:\/\/campingcoiroux.fr\/de\/"},{"@type":"ListItem","position":2,"name":"Info & Kontakt"}]},{"@type":"WebSite","@id":"https:\/\/campingcoiroux.fr\/de\/#website","url":"https:\/\/campingcoiroux.fr\/de\/","name":"Camping Paradis Le Coiroux - Site Officiel - Meilleur Prix Garanti","description":"","publisher":{"@id":"https:\/\/campingcoiroux.fr\/de\/#organization"},"potentialAction":[{"@type":"SearchAction","target":{"@type":"EntryPoint","urlTemplate":"https:\/\/campingcoiroux.fr\/de\/?s={search_term_string}"},"query-input":{"@type":"PropertyValueSpecification","valueRequired":true,"valueName":"search_term_string"}}],"inLanguage":"de"},{"@type":"Organization","@id":"https:\/\/campingcoiroux.fr\/de\/#organization","name":"Camping Paradis Le Coiroux - Site Officiel - Meilleur Prix Garanti","url":"https:\/\/campingcoiroux.fr\/de\/","logo":{"@type":"ImageObject","inLanguage":"de","@id":"https:\/\/campingcoiroux.fr\/de\/#\/schema\/logo\/image\/","url":"https:\/\/campingcoiroux.fr\/wp-content\/uploads\/sites\/27\/2023\/08\/logo-coiroux.png","contentUrl":"https:\/\/campingcoiroux.fr\/wp-content\/uploads\/sites\/27\/2023\/08\/logo-coiroux.png","width":2048,"height":1260,"caption":"Camping Paradis Le Coiroux - Site Officiel - Meilleur Prix Garanti"},"image":{"@id":"https:\/\/campingcoiroux.fr\/de\/#\/schema\/logo\/image\/"}}]}},"_links":{"self":[{"href":"https:\/\/campingcoiroux.fr\/de\/wp-json\/wp\/v2\/pages\/6454","targetHints":{"allow":["GET"]}}],"collection":[{"href":"https:\/\/campingcoiroux.fr\/de\/wp-json\/wp\/v2\/pages"}],"about":[{"href":"https:\/\/campingcoiroux.fr\/de\/wp-json\/wp\/v2\/types\/page"}],"author":[{"embeddable":true,"href":"https:\/\/campingcoiroux.fr\/de\/wp-json\/wp\/v2\/users\/1"}],"replies":[{"embeddable":true,"href":"https:\/\/campingcoiroux.fr\/de\/wp-json\/wp\/v2\/comments?post=6454"}],"version-history":[{"count":7,"href":"https:\/\/campingcoiroux.fr\/de\/wp-json\/wp\/v2\/pages\/6454\/revisions"}],"predecessor-version":[{"id":6861,"href":"https:\/\/campingcoiroux.fr\/de\/wp-json\/wp\/v2\/pages\/6454\/revisions\/6861"}],"wp:featuredmedia":[{"embeddable":true,"href":"https:\/\/campingcoiroux.fr\/de\/wp-json\/wp\/v2\/media\/6459"}],"wp:attachment":[{"href":"https:\/\/campingcoiroux.fr\/de\/wp-json\/wp\/v2\/media?parent=6454"}],"curies":[{"name":"wp","href":"https:\/\/api.w.org\/{rel}","templated":true}]}}