{"id":6517,"date":"2023-07-13T09:35:43","date_gmt":"2023-07-13T07:35:43","guid":{"rendered":"https:\/\/campingcoiroux.fr\/datenschutz-richtlinie\/"},"modified":"2023-11-02T11:05:19","modified_gmt":"2023-11-02T10:05:19","slug":"datenschutz-richtlinie","status":"publish","type":"page","link":"https:\/\/campingcoiroux.fr\/de\/datenschutz-richtlinie\/","title":{"rendered":"Datenschutzrichtlinie"},"content":{"rendered":"\n<div class=\"wp-block-group is-layout-constrained wp-container-core-group-is-layout-9ff30091 wp-block-group-is-layout-constrained\" style=\"margin-top:var(--wp--preset--spacing--80);margin-bottom:var(--wp--preset--spacing--80);padding-top:var(--wp--preset--spacing--60);padding-bottom:var(--wp--preset--spacing--60)\">\n<h1 class=\"wp-block-heading alignwide has-text-align-center has-link-color-color has-text-color has-x-large-font-size\" style=\"margin-top:var(--wp--preset--spacing--60);margin-right:var(--wp--preset--spacing--60);margin-bottom:var(--wp--preset--spacing--60);margin-left:var(--wp--preset--spacing--60);padding-top:var(--wp--preset--spacing--60);padding-right:var(--wp--preset--spacing--60);padding-bottom:var(--wp--preset--spacing--60);padding-left:var(--wp--preset--spacing--60);text-transform:capitalize\">Unsere Datenschutzerkl\u00e4rung<\/h1>\n\n\n\n<h1 class=\"wp-block-heading\">DATENSCHUTZRICHTLINIE<\/h1>\n\n\n\n<p>Diese Datenschutzerkl\u00e4rung beschreibt die personenbezogenen Daten, die bei der Nutzung der Website erhoben bzw. generiert (verarbeitet) werden. Diese Datenschutzrichtlinie beschreibt die Arten von personenbezogenen Daten, die bei der Nutzung unserer Website erhoben werden, und wie Ihre personenbezogenen Daten verwendet, weitergegeben und gesch\u00fctzt werden. Sie erl\u00e4utert auch die Wahlm\u00f6glichkeiten, die Sie in Bezug auf Ihre personenbezogenen Daten haben, und wie Sie uns kontaktieren k\u00f6nnen.<\/p>\n\n\n\n<h2 class=\"wp-block-heading\">Inhaltsverzeichnis<\/h2>\n\n\n\n<ul class=\"wp-block-list\">\n<li><a href=\"\/?page_id=6517#gdpr-1\">Wer sind wir?<\/a><\/li>\n\n\n\n<li><a href=\"\/?page_id=6517#gdpr-2\">Verwendung der erhobenen personenbezogenen Daten<\/a><\/li>\n\n\n\n<li><a href=\"\/?page_id=6517#gdpr-3\">Feedback<\/a><\/li>\n\n\n\n<li><a href=\"\/?page_id=6517#gdpr-4\">Medien<\/a><\/li>\n\n\n\n<li><a href=\"\/?page_id=6517#gdpr-5\">Kontaktformulare<\/a><\/li>\n\n\n\n<li><a href=\"\/?page_id=6517#gdpr-6\">Verwendung von Cookies<\/a><\/li>\n\n\n\n<li><a href=\"\/?page_id=6517#gdpr-7\">Statistiken und Publikumsmessung<\/a><\/li>\n\n\n\n<li><a href=\"\/?page_id=6517#gdpr-8\">Wie lange speichern wir Ihre Daten?<\/a><\/li>\n\n\n\n<li><a href=\"\/?page_id=6517#gdpr-9\">Die Rechte, die Sie an Ihren Daten haben<\/a><\/li>\n\n\n\n<li><a href=\"\/?page_id=6517#gdpr-10\">Weitergabe Ihrer personenbezogenen Daten<\/a><\/li>\n\n\n\n<li><a href=\"\/?page_id=6517#gdpr-11\">Wie wir Ihre Daten sch\u00fctzen<\/a><\/li>\n\n\n\n<li><a href=\"https:\/\/www.chausseliere.com\/politique-de-confidentialite\/#gdpr-12\">Kontaktinformationen<\/a><a href=\"https:\/\/www.chausseliere.com\/https:\/\/www.chausseliere.com\/politique-de-confidentialite\/#gdpr-12\"><\/a><a href=\"\/?page_id=6517#gdpr-12\"><\/a><\/li>\n<\/ul>\n\n\n\n<h2 class=\"wp-block-heading\" id=\"gdpr-1\">Wer sind wir?<\/h2>\n\n\n\n<p>Entdecken Sie alle unsere Informationen auf der <a href=\"\/?page_id=6567\">Seite Impressum<\/a>.<\/p>\n\n\n\n<h2 class=\"wp-block-heading\" id=\"gdpr-2\">Verwendung der erhobenen personenbezogenen Daten<\/h2>\n\n\n\n<p>Wir erheben automatisch und direkt keine Daten \u00fcber Sie.<\/p>\n\n\n\n<p>Ungeachtet dessen k\u00f6nnen wir Informationen, einschlie\u00dflich personenbezogener Daten, von Dritten sammeln (siehe Abschnitt <a href=\"\/?page_id=6517#gdpr-5\">Cookies<\/a>).<\/p>\n\n\n\n<h2 class=\"wp-block-heading\" id=\"gdpr-3\">Feedback<\/h2>\n\n\n\n<p>Wenn Sie eine Bewertung auf unserer Campingplatz-Website abgeben, werden die in das Kommentarformular eingegebenen Daten sowie Ihre IP-Adresse und der User-Agent Ihres Browsers gesammelt, um uns bei der Erkennung von Spam-Kommentaren zu helfen.<\/p>\n\n\n\n<p>Eine anonymisierte Zeichenfolge, die aus Ihrer E-Mail-Adresse erstellt wird (auch als Hash bezeichnet), kann an den Gravatar-Dienst gesendet werden, um zu \u00fcberpr\u00fcfen, ob Sie den Gravatar-Dienst verwenden. Die Vertraulichkeitsklauseln des Gravatar-Dienstes sind https:\/\/automattic.com\/privacy\/ verf\u00fcgbar. Nachdem Ihr Kommentar best\u00e4tigt wurde, ist Ihr Profilbild neben Ihrem Kommentar \u00f6ffentlich sichtbar.<\/p>\n\n\n\n<h2 class=\"wp-block-heading\" id=\"gdpr-4\">Medien<\/h2>\n\n\n\n<p>Wenn Sie ein registrierter Benutzer sind und Bilder auf die Website hochladen, empfehlen wir Ihnen, keine Bilder hochzuladen, die EXIF-Daten von GPS-Koordinaten enthalten. Besucher Ihrer Website k\u00f6nnen Standortdaten aus diesen Bildern herunterladen und extrahieren.<\/p>\n\n\n\n<h2 class=\"wp-block-heading\" id=\"gdpr-5\">Kontaktformulare<\/h2>\n\n\n\n<p>Sie k\u00f6nnen sich daf\u00fcr entscheiden, uns Informationen zur Verf\u00fcgung zu stellen, wenn Sie ein Formular ausf\u00fcllen, das uns per E-Mail zugesandt wird und nirgendwo anders als in unserem E-Mail-Service gespeichert wird. Diese Informationen werden ausschlie\u00dflich zum Zweck der Beantwortung Ihrer Anfrage verwendet. Wenn die Informationen wahrscheinlich f\u00fcr kommerzielle Zwecke verwendet werden, wird dies am Ende des Formulars angegeben. Wir werden Sie immer um Ihre Zustimmung bitten, wenn wir Informationen \u00fcber ein Formular sammeln.<\/p>\n\n\n\n<h2 class=\"wp-block-heading\" id=\"gdpr-6\">Verwendung von Cookies<\/h2>\n\n\n\n<p><strong>Was ist ein Cookie?<\/strong><br\/>Ein Cookie ist eine kleine Datendatei, die auf Ihr Ger\u00e4t \u00fcbertragen und dort gespeichert wird. Konkret erm\u00f6glicht uns ein Cookie beispielsweise, Ihren Browser, Ihre Sprache zu erkennen oder Ihre Pr\u00e4ferenzen zu speichern.<br\/>Auf unserer Website werden zwei Arten von Cookies verwendet: &#8220;Session-Cookies&#8221; und &#8220;dauerhafte Cookies&#8221;. Session-Cookies verfallen, wenn Sie Ihren Browser schlie\u00dfen, w\u00e4hrend dauerhafte Cookies nach dem Schlie\u00dfen Ihres Browsers auf Ihrem Ger\u00e4t verbleiben und beim n\u00e4chsten Besuch unserer Website erneut verwendet werden k\u00f6nnen.<\/p>\n\n\n\n<p>Weitere Informationen zu <a href=\"https:\/\/allaboutcookies.org\/fr\" rel=\"noreferrer noopener\" target=\"_blank\">allaboutcookies.org<\/a>.<\/p>\n\n\n\n<p><strong>Unsere Cookies<\/strong><\/p>\n\n\n\n<p>Wenn Sie einen Kommentar auf unserer Website hinterlassen, werden Sie aufgefordert, Ihren Namen, Ihre E-Mail-Adresse und Ihre Website in Cookies zu speichern. Dies dient nur der Bequemlichkeit, damit Sie diese Informationen nicht eingeben m\u00fcssen, wenn Sie sp\u00e4ter einen weiteren Kommentar einreichen. Diese Cookies verlieren nach einem Jahr ihre G\u00fcltigkeit.<\/p>\n\n\n\n<p>Wenn Sie ein Konto haben und sich auf dieser Website anmelden, wird ein tempor\u00e4res Cookie gesetzt, um festzustellen, ob Ihr Browser Cookies akzeptiert. Sie enthalten keine personenbezogenen Daten und werden automatisch gel\u00f6scht, wenn Sie Ihren Browser schlie\u00dfen.<\/p>\n\n\n\n<p>Wenn Sie sich anmelden, setzen wir eine Reihe von Cookies, um Ihre Anmeldedaten und Bildschirmeinstellungen zu speichern. Die Lebensdauer eines Login-Cookies betr\u00e4gt zwei Tage, die eines Screen-Option-Cookies ein Jahr. Wenn Sie ein H\u00e4kchen bei &#8220;Angemeldet bleiben&#8221; setzen, wird Ihr Login-Cookie zwei Wochen lang gespeichert. Wenn Sie sich aus Ihrem Account ausloggen, wird das Login-Cookie gel\u00f6scht.<\/p>\n\n\n\n<p>Bei der Bearbeitung oder Ver\u00f6ffentlichung eines Artikels wird ein zus\u00e4tzliches Cookie in Ihrem Browser gespeichert. Dieses Cookie enth\u00e4lt keine personenbezogenen Daten. Es zeigt einfach die ID des Elements an, das Sie gerade bearbeitet haben. Sie l\u00e4uft nach einem Tag ab.<\/p>\n\n\n\n<p><strong>Cookies von Drittanbietern<\/strong><\/p>\n\n\n\n<p>Artikel auf dieser Website k\u00f6nnen eingebettete Inhalte (z. B. Videos, Bilder, Artikel usw.) enthalten. Inhalte, die von anderen Websites eingebettet sind, verhalten sich so, als ob der Besucher diese andere Website besuchen w\u00fcrde.<\/p>\n\n\n\n<p>Diese Websites k\u00f6nnen Daten \u00fcber Sie sammeln, Cookies verwenden, Tracking-Tools von Drittanbietern einbetten und Ihre Interaktionen mit diesen eingebetteten Inhalten verfolgen, wenn Sie ein Konto haben, das mit ihrer Website verbunden ist.<\/p>\n\n\n\n<p>Wir k\u00f6nnen bestimmten Gesch\u00e4ftspartnern erlauben, Technologie auf unserer Website zu installieren. Diese Partner verwenden diese Technologien, um uns dabei zu helfen, zu analysieren, wie Sie die Website nutzen, z. B. indem sie feststellen, welche Dienste von Drittanbietern Sie auf die Plattform zugegriffen haben, unsere Dienste auf unserer Website und auf Websites von Drittanbietern vermarkten und bewerben, uns helfen, Betrug zu erkennen und zu verhindern oder Risikobewertungen durchzuf\u00fchren.  oder Informationen \u00fcber Ihre Aktivit\u00e4ten auf der Website zu sammeln.<\/p>\n\n\n\n<p>Unsere Website kann Social Plugins verwenden, die von Drittanbietern bereitgestellt und betrieben werden, wie z. B. den &#8220;Gef\u00e4llt mir&#8221;-Button von Facebook. Infolgedessen k\u00f6nnen Sie die Informationen, die Sie in einem bestimmten Bereich unserer Website anzeigen, an Dritte senden. Wenn Sie nicht bei dem Drittanbieter in Ihrem Konto angemeldet sind, kann der Drittanbieter Ihre Identit\u00e4t nicht kennen. Wenn Sie bei dem Drittanbieter in Ihrem Konto angemeldet sind, kann der Dritte die Informationen oder Aktionen in Bezug auf Ihre Interaktionen mit unserer Website mit dem Konto verkn\u00fcpfen, das Sie bei dem Dritten haben. Bitte lesen Sie die Datenschutzrichtlinien des Drittanbieters, um mehr \u00fcber seine Datenpraktiken zu erfahren.<\/p>\n\n\n\n<p>Die Liste der Cookies von Drittanbietern, die auf dieser Website verwendet werden, finden Sie im <a href=\"https:\/\/www.campinglesnobis.com\/#moove_gdpr_cookie_modal\">Cookie-Management-Panel<\/a>.<\/p>\n\n\n\n<h2 class=\"wp-block-heading\" id=\"gdpr-7\">Statistiken und Publikumsmessung<\/h2>\n\n\n\n<p>In Bezug auf die Analytik arbeiten wir mit Google Analytics zusammen, um Informationen \u00fcber die Nutzung unserer Website zu erhalten, um diese zu verbessern. Letzteres kann \u00fcber das <a href=\"https:\/\/www.campinglesnobis.com\/#moove_gdpr_cookie_modal\">Cookie-Management-Panel<\/a> deaktiviert werden.<\/p>\n\n\n\n<p>Um zu verhindern, dass Google Analytics Ihre Daten f\u00fcr Analysen verwendet, k\u00f6nnen Sie auch das Browser-Add-on zur Deaktivierung von Google Analytics installieren, indem Sie <a href=\"https:\/\/tools.google.com\/dlpage\/gaoptout\" rel=\"noreferrer noopener\" target=\"_blank\">hier<\/a> klicken. Bitte beachten Sie, dass wir keine Kontrolle \u00fcber diesen Opt-out-Link haben und nicht f\u00fcr die Verf\u00fcgbarkeit oder Richtigkeit dieses Mechanismus verantwortlich sind. Weitere Informationen finden Sie in <a href=\"https:\/\/support.google.com\/analytics\/answer\/6004245\" rel=\"noreferrer noopener\" target=\"_blank\">dieser Dokumentation<\/a> .<\/p>\n\n\n\n<h2 class=\"wp-block-heading\" id=\"gdpr-8\">Wie lange speichern wir Ihre Daten?<\/h2>\n\n\n\n<p>Wenn Sie einen Kommentar hinterlassen, werden der Kommentar und seine Metadaten auf unbestimmte Zeit aufbewahrt. So k\u00f6nnen nachfolgende Kommentare automatisch erkannt und freigegeben werden, anstatt sie in der Moderationswarteschlange zu belassen.<\/p>\n\n\n\n<p>F\u00fcr Nutzer, die sich auf unserer Website registrieren (sofern m\u00f6glich), speichern wir auch die in ihrem Profil angegebenen personenbezogenen Daten. Alle Benutzer k\u00f6nnen ihre pers\u00f6nlichen Daten jederzeit einsehen, bearbeiten oder l\u00f6schen (mit Ausnahme ihres Benutzernamens). Site-Manager k\u00f6nnen diese Informationen ebenfalls anzeigen und bearbeiten.<\/p>\n\n\n\n<h2 class=\"wp-block-heading\" id=\"gdpr-9\">Die Rechte, die Sie an Ihren Daten haben<\/h2>\n\n\n\n<p>Wenn Sie ein Konto haben oder Kommentare auf der Website hinterlassen haben, k\u00f6nnen Sie eine Datei anfordern, die alle personenbezogenen Daten enth\u00e4lt, die wir \u00fcber Sie gespeichert haben, einschlie\u00dflich der Daten, die Sie uns zur Verf\u00fcgung gestellt haben. Sie k\u00f6nnen auch die L\u00f6schung Ihrer personenbezogenen Daten verlangen. Dabei werden Daten, die zu administrativen, rechtlichen oder Sicherheitszwecken gespeichert werden, nicht ber\u00fccksichtigt.<\/p>\n\n\n\n<h2 class=\"wp-block-heading\" id=\"gdpr-10\">Weitergabe Ihrer personenbezogenen Daten<\/h2>\n\n\n\n<p>Besucherkommentare k\u00f6nnen mit einem automatisierten Spam-Erkennungsdienst \u00fcberpr\u00fcft werden<br\/>Alle personenbezogenen Daten, die wir verarbeiten, werden innerhalb der Europ\u00e4ischen Union verarbeitet.<\/p>\n\n\n\n<h2 class=\"wp-block-heading\" id=\"gdpr-11\">Wie wir Ihre Daten sch\u00fctzen<\/h2>\n\n\n\n<p>Wir implementieren und aktualisieren kontinuierlich die <strong>Sicherheit<\/strong> der Website, um Ihre Daten vor unbefugtem Zugriff, Verlust, Zerst\u00f6rung oder \u00c4nderung zu sch\u00fctzen. Deshalb arbeiten wir daran, Ihre Daten so unverwundbar wie m\u00f6glich zu machen. Da das Internet keine 100% sichere Umgebung ist, k\u00f6nnen wir die Sicherheit, \u00dcbertragung oder Speicherung Ihrer Daten nicht vollst\u00e4ndig garantieren.<\/p>\n\n\n\n<h2 class=\"wp-block-heading\" id=\"gdpr-12\">Kontaktinformationen<\/h2>\n\n\n\n<p>Wenn Sie Fragen oder Anregungen zu Ihren personenbezogenen Daten haben, kontaktieren Sie uns bitte auf rgpd@geek-tonic.com, weitere Kontaktinformationen finden Sie in unserem <a href=\"\/?page_id=6567\">Impressum<\/a>. Bitte beachten Sie, dass wir Sie m\u00f6glicherweise bitten, Ihre Identit\u00e4t zu \u00fcberpr\u00fcfen, bevor wir weitere Ma\u00dfnahmen in Bezug auf Ihre Anfrage ergreifen.<\/p>\n<\/div>\n","protected":false},"excerpt":{"rendered":"<p>Unsere Datenschutzerkl\u00e4rung DATENSCHUTZRICHTLINIE Diese Datenschutzerkl\u00e4rung beschreibt die personenbezogenen Daten, die bei der Nutzung der Website erhoben bzw. generiert (verarbeitet) werden. Diese Datenschutzrichtlinie beschreibt die Arten von personenbezogenen Daten, die bei der Nutzung unserer Website erhoben werden, und wie Ihre personenbezogenen Daten verwendet, weitergegeben und gesch\u00fctzt werden. Sie erl\u00e4utert auch die Wahlm\u00f6glichkeiten, die Sie in Bezug [&hellip;]<\/p>\n","protected":false},"author":1,"featured_media":6421,"parent":0,"menu_order":30,"comment_status":"closed","ping_status":"closed","template":"","meta":{"_acf_changed":false,"footnotes":""},"class_list":["post-6517","page","type-page","status-publish","has-post-thumbnail","hentry"],"acf":[],"yoast_head":"<!-- This site is optimized with the Yoast SEO plugin v24.8.1 - https:\/\/yoast.com\/wordpress\/plugins\/seo\/ -->\n<title>Datenschutzrichtlinie - Camping Paradis Le Coiroux - Site Officiel - Meilleur Prix Garanti<\/title>\n<meta name=\"robots\" content=\"noindex, nofollow\" \/>\n<meta property=\"og:locale\" content=\"de_DE\" \/>\n<meta property=\"og:type\" content=\"article\" \/>\n<meta property=\"og:title\" content=\"Datenschutzrichtlinie - Camping Paradis Le Coiroux - Site Officiel - Meilleur Prix Garanti\" \/>\n<meta property=\"og:description\" content=\"Unsere Datenschutzerkl\u00e4rung DATENSCHUTZRICHTLINIE Diese Datenschutzerkl\u00e4rung beschreibt die personenbezogenen Daten, die bei der Nutzung der Website erhoben bzw. generiert (verarbeitet) werden. Diese Datenschutzrichtlinie beschreibt die Arten von personenbezogenen Daten, die bei der Nutzung unserer Website erhoben werden, und wie Ihre personenbezogenen Daten verwendet, weitergegeben und gesch\u00fctzt werden. Sie erl\u00e4utert auch die Wahlm\u00f6glichkeiten, die Sie in Bezug [&hellip;]\" \/>\n<meta property=\"og:url\" content=\"https:\/\/campingcoiroux.fr\/de\/datenschutz-richtlinie\/\" \/>\n<meta property=\"og:site_name\" content=\"Camping Paradis Le Coiroux - Site Officiel - Meilleur Prix Garanti\" \/>\n<meta property=\"article:modified_time\" content=\"2023-11-02T10:05:19+00:00\" \/>\n<meta property=\"og:image\" content=\"https:\/\/campingcoiroux.fr\/wp-content\/uploads\/sites\/27\/2023\/08\/Paysage_de_la_Reserve_naturelle_regionale_de_la_haute_vallee_de_la_Vezere_la_tourbiere-etang_de_Chabannes_commune_de_Saint-Merd-les-Oussines_Corr-copie-scaled.webp\" \/>\n\t<meta property=\"og:image:width\" content=\"2048\" \/>\n\t<meta property=\"og:image:height\" content=\"647\" \/>\n\t<meta property=\"og:image:type\" content=\"image\/webp\" \/>\n<meta name=\"twitter:card\" content=\"summary_large_image\" \/>\n<meta name=\"twitter:label1\" content=\"Gesch\u00e4tzte Lesezeit\" \/>\n\t<meta name=\"twitter:data1\" content=\"7\u00a0Minuten\" \/>\n<script type=\"application\/ld+json\" class=\"yoast-schema-graph\">{\"@context\":\"https:\/\/schema.org\",\"@graph\":[{\"@type\":\"WebPage\",\"@id\":\"https:\/\/campingcoiroux.fr\/de\/datenschutz-richtlinie\/\",\"url\":\"https:\/\/campingcoiroux.fr\/de\/datenschutz-richtlinie\/\",\"name\":\"Datenschutzrichtlinie - Camping Paradis Le Coiroux - Site Officiel - Meilleur Prix Garanti\",\"isPartOf\":{\"@id\":\"https:\/\/campingcoiroux.fr\/de\/#website\"},\"primaryImageOfPage\":{\"@id\":\"https:\/\/campingcoiroux.fr\/de\/datenschutz-richtlinie\/#primaryimage\"},\"image\":{\"@id\":\"https:\/\/campingcoiroux.fr\/de\/datenschutz-richtlinie\/#primaryimage\"},\"thumbnailUrl\":\"https:\/\/campingcoiroux.fr\/wp-content\/uploads\/sites\/27\/2023\/08\/Paysage_de_la_Reserve_naturelle_regionale_de_la_haute_vallee_de_la_Vezere_la_tourbiere-etang_de_Chabannes_commune_de_Saint-Merd-les-Oussines_Corr-copie-scaled.webp\",\"datePublished\":\"2023-07-13T07:35:43+00:00\",\"dateModified\":\"2023-11-02T10:05:19+00:00\",\"breadcrumb\":{\"@id\":\"https:\/\/campingcoiroux.fr\/de\/datenschutz-richtlinie\/#breadcrumb\"},\"inLanguage\":\"de\",\"potentialAction\":[{\"@type\":\"ReadAction\",\"target\":[\"https:\/\/campingcoiroux.fr\/de\/datenschutz-richtlinie\/\"]}]},{\"@type\":\"ImageObject\",\"inLanguage\":\"de\",\"@id\":\"https:\/\/campingcoiroux.fr\/de\/datenschutz-richtlinie\/#primaryimage\",\"url\":\"https:\/\/campingcoiroux.fr\/wp-content\/uploads\/sites\/27\/2023\/08\/Paysage_de_la_Reserve_naturelle_regionale_de_la_haute_vallee_de_la_Vezere_la_tourbiere-etang_de_Chabannes_commune_de_Saint-Merd-les-Oussines_Corr-copie-scaled.webp\",\"contentUrl\":\"https:\/\/campingcoiroux.fr\/wp-content\/uploads\/sites\/27\/2023\/08\/Paysage_de_la_Reserve_naturelle_regionale_de_la_haute_vallee_de_la_Vezere_la_tourbiere-etang_de_Chabannes_commune_de_Saint-Merd-les-Oussines_Corr-copie-scaled.webp\",\"width\":2048,\"height\":647},{\"@type\":\"BreadcrumbList\",\"@id\":\"https:\/\/campingcoiroux.fr\/de\/datenschutz-richtlinie\/#breadcrumb\",\"itemListElement\":[{\"@type\":\"ListItem\",\"position\":1,\"name\":\"Startseite\",\"item\":\"https:\/\/campingcoiroux.fr\/de\/\"},{\"@type\":\"ListItem\",\"position\":2,\"name\":\"Datenschutzrichtlinie\"}]},{\"@type\":\"WebSite\",\"@id\":\"https:\/\/campingcoiroux.fr\/de\/#website\",\"url\":\"https:\/\/campingcoiroux.fr\/de\/\",\"name\":\"Camping Paradis Le Coiroux - Site Officiel - Meilleur Prix Garanti\",\"description\":\"\",\"publisher\":{\"@id\":\"https:\/\/campingcoiroux.fr\/de\/#organization\"},\"potentialAction\":[{\"@type\":\"SearchAction\",\"target\":{\"@type\":\"EntryPoint\",\"urlTemplate\":\"https:\/\/campingcoiroux.fr\/de\/?s={search_term_string}\"},\"query-input\":{\"@type\":\"PropertyValueSpecification\",\"valueRequired\":true,\"valueName\":\"search_term_string\"}}],\"inLanguage\":\"de\"},{\"@type\":\"Organization\",\"@id\":\"https:\/\/campingcoiroux.fr\/de\/#organization\",\"name\":\"Camping Paradis Le Coiroux - Site Officiel - Meilleur Prix Garanti\",\"url\":\"https:\/\/campingcoiroux.fr\/de\/\",\"logo\":{\"@type\":\"ImageObject\",\"inLanguage\":\"de\",\"@id\":\"https:\/\/campingcoiroux.fr\/de\/#\/schema\/logo\/image\/\",\"url\":\"https:\/\/campingcoiroux.fr\/wp-content\/uploads\/sites\/27\/2023\/08\/logo-coiroux.png\",\"contentUrl\":\"https:\/\/campingcoiroux.fr\/wp-content\/uploads\/sites\/27\/2023\/08\/logo-coiroux.png\",\"width\":2048,\"height\":1260,\"caption\":\"Camping Paradis Le Coiroux - Site Officiel - Meilleur Prix Garanti\"},\"image\":{\"@id\":\"https:\/\/campingcoiroux.fr\/de\/#\/schema\/logo\/image\/\"}}]}<\/script>\n<!-- \/ Yoast SEO plugin. -->","yoast_head_json":{"title":"Datenschutzrichtlinie - Camping Paradis Le Coiroux - Site Officiel - Meilleur Prix Garanti","robots":{"index":"noindex","follow":"nofollow"},"og_locale":"de_DE","og_type":"article","og_title":"Datenschutzrichtlinie - Camping Paradis Le Coiroux - Site Officiel - Meilleur Prix Garanti","og_description":"Unsere Datenschutzerkl\u00e4rung DATENSCHUTZRICHTLINIE Diese Datenschutzerkl\u00e4rung beschreibt die personenbezogenen Daten, die bei der Nutzung der Website erhoben bzw. generiert (verarbeitet) werden. Diese Datenschutzrichtlinie beschreibt die Arten von personenbezogenen Daten, die bei der Nutzung unserer Website erhoben werden, und wie Ihre personenbezogenen Daten verwendet, weitergegeben und gesch\u00fctzt werden. Sie erl\u00e4utert auch die Wahlm\u00f6glichkeiten, die Sie in Bezug [&hellip;]","og_url":"https:\/\/campingcoiroux.fr\/de\/datenschutz-richtlinie\/","og_site_name":"Camping Paradis Le Coiroux - Site Officiel - Meilleur Prix Garanti","article_modified_time":"2023-11-02T10:05:19+00:00","og_image":[{"width":2048,"height":647,"url":"https:\/\/campingcoiroux.fr\/wp-content\/uploads\/sites\/27\/2023\/08\/Paysage_de_la_Reserve_naturelle_regionale_de_la_haute_vallee_de_la_Vezere_la_tourbiere-etang_de_Chabannes_commune_de_Saint-Merd-les-Oussines_Corr-copie-scaled.webp","type":"image\/webp"}],"twitter_card":"summary_large_image","twitter_misc":{"Gesch\u00e4tzte Lesezeit":"7\u00a0Minuten"},"schema":{"@context":"https:\/\/schema.org","@graph":[{"@type":"WebPage","@id":"https:\/\/campingcoiroux.fr\/de\/datenschutz-richtlinie\/","url":"https:\/\/campingcoiroux.fr\/de\/datenschutz-richtlinie\/","name":"Datenschutzrichtlinie - Camping Paradis Le Coiroux - Site Officiel - Meilleur Prix Garanti","isPartOf":{"@id":"https:\/\/campingcoiroux.fr\/de\/#website"},"primaryImageOfPage":{"@id":"https:\/\/campingcoiroux.fr\/de\/datenschutz-richtlinie\/#primaryimage"},"image":{"@id":"https:\/\/campingcoiroux.fr\/de\/datenschutz-richtlinie\/#primaryimage"},"thumbnailUrl":"https:\/\/campingcoiroux.fr\/wp-content\/uploads\/sites\/27\/2023\/08\/Paysage_de_la_Reserve_naturelle_regionale_de_la_haute_vallee_de_la_Vezere_la_tourbiere-etang_de_Chabannes_commune_de_Saint-Merd-les-Oussines_Corr-copie-scaled.webp","datePublished":"2023-07-13T07:35:43+00:00","dateModified":"2023-11-02T10:05:19+00:00","breadcrumb":{"@id":"https:\/\/campingcoiroux.fr\/de\/datenschutz-richtlinie\/#breadcrumb"},"inLanguage":"de","potentialAction":[{"@type":"ReadAction","target":["https:\/\/campingcoiroux.fr\/de\/datenschutz-richtlinie\/"]}]},{"@type":"ImageObject","inLanguage":"de","@id":"https:\/\/campingcoiroux.fr\/de\/datenschutz-richtlinie\/#primaryimage","url":"https:\/\/campingcoiroux.fr\/wp-content\/uploads\/sites\/27\/2023\/08\/Paysage_de_la_Reserve_naturelle_regionale_de_la_haute_vallee_de_la_Vezere_la_tourbiere-etang_de_Chabannes_commune_de_Saint-Merd-les-Oussines_Corr-copie-scaled.webp","contentUrl":"https:\/\/campingcoiroux.fr\/wp-content\/uploads\/sites\/27\/2023\/08\/Paysage_de_la_Reserve_naturelle_regionale_de_la_haute_vallee_de_la_Vezere_la_tourbiere-etang_de_Chabannes_commune_de_Saint-Merd-les-Oussines_Corr-copie-scaled.webp","width":2048,"height":647},{"@type":"BreadcrumbList","@id":"https:\/\/campingcoiroux.fr\/de\/datenschutz-richtlinie\/#breadcrumb","itemListElement":[{"@type":"ListItem","position":1,"name":"Startseite","item":"https:\/\/campingcoiroux.fr\/de\/"},{"@type":"ListItem","position":2,"name":"Datenschutzrichtlinie"}]},{"@type":"WebSite","@id":"https:\/\/campingcoiroux.fr\/de\/#website","url":"https:\/\/campingcoiroux.fr\/de\/","name":"Camping Paradis Le Coiroux - Site Officiel - Meilleur Prix Garanti","description":"","publisher":{"@id":"https:\/\/campingcoiroux.fr\/de\/#organization"},"potentialAction":[{"@type":"SearchAction","target":{"@type":"EntryPoint","urlTemplate":"https:\/\/campingcoiroux.fr\/de\/?s={search_term_string}"},"query-input":{"@type":"PropertyValueSpecification","valueRequired":true,"valueName":"search_term_string"}}],"inLanguage":"de"},{"@type":"Organization","@id":"https:\/\/campingcoiroux.fr\/de\/#organization","name":"Camping Paradis Le Coiroux - Site Officiel - Meilleur Prix Garanti","url":"https:\/\/campingcoiroux.fr\/de\/","logo":{"@type":"ImageObject","inLanguage":"de","@id":"https:\/\/campingcoiroux.fr\/de\/#\/schema\/logo\/image\/","url":"https:\/\/campingcoiroux.fr\/wp-content\/uploads\/sites\/27\/2023\/08\/logo-coiroux.png","contentUrl":"https:\/\/campingcoiroux.fr\/wp-content\/uploads\/sites\/27\/2023\/08\/logo-coiroux.png","width":2048,"height":1260,"caption":"Camping Paradis Le Coiroux - Site Officiel - Meilleur Prix Garanti"},"image":{"@id":"https:\/\/campingcoiroux.fr\/de\/#\/schema\/logo\/image\/"}}]}},"_links":{"self":[{"href":"https:\/\/campingcoiroux.fr\/de\/wp-json\/wp\/v2\/pages\/6517","targetHints":{"allow":["GET"]}}],"collection":[{"href":"https:\/\/campingcoiroux.fr\/de\/wp-json\/wp\/v2\/pages"}],"about":[{"href":"https:\/\/campingcoiroux.fr\/de\/wp-json\/wp\/v2\/types\/page"}],"author":[{"embeddable":true,"href":"https:\/\/campingcoiroux.fr\/de\/wp-json\/wp\/v2\/users\/1"}],"replies":[{"embeddable":true,"href":"https:\/\/campingcoiroux.fr\/de\/wp-json\/wp\/v2\/comments?post=6517"}],"version-history":[{"count":3,"href":"https:\/\/campingcoiroux.fr\/de\/wp-json\/wp\/v2\/pages\/6517\/revisions"}],"predecessor-version":[{"id":6719,"href":"https:\/\/campingcoiroux.fr\/de\/wp-json\/wp\/v2\/pages\/6517\/revisions\/6719"}],"wp:featuredmedia":[{"embeddable":true,"href":"https:\/\/campingcoiroux.fr\/de\/wp-json\/wp\/v2\/media\/6421"}],"wp:attachment":[{"href":"https:\/\/campingcoiroux.fr\/de\/wp-json\/wp\/v2\/media?parent=6517"}],"curies":[{"name":"wp","href":"https:\/\/api.w.org\/{rel}","templated":true}]}}