{"id":6567,"date":"2023-07-13T16:54:29","date_gmt":"2023-07-13T14:54:29","guid":{"rendered":"https:\/\/campingcoiroux.fr\/rechtliche-hinweise\/"},"modified":"2023-11-10T13:43:34","modified_gmt":"2023-11-10T12:43:34","slug":"rechtliche-hinweise","status":"publish","type":"page","link":"https:\/\/campingcoiroux.fr\/de\/rechtliche-hinweise\/","title":{"rendered":"Rechtlich"},"content":{"rendered":"\n<div class=\"wp-block-group is-layout-constrained wp-container-core-group-is-layout-9ff30091 wp-block-group-is-layout-constrained\" style=\"margin-top:var(--wp--preset--spacing--80);margin-bottom:var(--wp--preset--spacing--80);padding-top:var(--wp--preset--spacing--60);padding-bottom:var(--wp--preset--spacing--60)\">\n<h1 class=\"wp-block-heading alignwide has-text-align-center has-link-color-color has-text-color has-x-large-font-size\" style=\"margin-top:var(--wp--preset--spacing--60);margin-right:var(--wp--preset--spacing--60);margin-bottom:var(--wp--preset--spacing--60);margin-left:var(--wp--preset--spacing--60);padding-top:var(--wp--preset--spacing--60);padding-right:var(--wp--preset--spacing--60);padding-bottom:var(--wp--preset--spacing--60);padding-left:var(--wp--preset--spacing--60);text-transform:capitalize\">Rechtlich<\/h1>\n\n\n\n<p class=\"has-text-align-center\">Nachfolgend finden Sie die rechtlichen Hinweise auf der Website unseres Campingplatzes.<\/p>\n\n\n\n<h2 class=\"wp-block-heading has-text-align-center\">SITE-REDAKTEUR<\/h2>\n\n\n\n<p class=\"has-text-align-center\">Firma: Camping Paradis XXXX<br\/>SIRET-Nummer: XXXX<br\/>SIRENE: XXXX<br\/>APE-Code: XXXX<br\/>Adresse: XXXXX<br\/>E-Mail: XXXXX@WWW.com<br\/>Verantwortlicher f\u00fcr die Ver\u00f6ffentlichung: Alpha Camping<\/p>\n\n\n\n<h2 class=\"wp-block-heading has-text-align-center\">VERWIRKLICHUNG<\/h2>\n\n\n\n<p class=\"has-text-align-center\"><strong>GEEK TONIC<\/strong>, vertreten durch Herrn Yohan Darmayan in seiner Eigenschaft als Gesch\u00e4ftsf\u00fchrer<br\/>Hauptsitz: 50 Avenue du Lac Marion 64200 Biarritz<br\/>Telefon: 05 32 74 11 52<br\/>E-Mail: support@geek-tonic.com<br\/>Webseite: <a href=\"https:\/\/www.geek-tonic.com\/\" target=\"_blank\" rel=\"noreferrer noopener\">www.geek-tonic.com<\/a><br\/>SIRET: 89746755100015<br\/>APE: 6201Z<\/p>\n\n\n\n<h2 class=\"wp-block-heading has-text-align-center\">DROITS D&#8217;AUTEUR ET COPYRIGHT<\/h2>\n\n\n\n<p class=\"has-text-align-center\">Der gesamte Inhalt dieser Website unterliegt dem Urheberrecht und dem geistigen Eigentum nach franz\u00f6sischem Recht<br\/>Jegliche Vervielf\u00e4ltigung (einschlie\u00dflich Fotos, Symbole und herunterladbare Dokumente) ist ohne vorherige Zustimmung von GEEK TONIC untersagt.<br\/>Die Vervielf\u00e4ltigung der gesamten oder eines Teils der Website auf einem elektronischen Medium in Papierform oder in elektronischer Form ist verboten.<br\/>GEEK TONIC ist nicht verantwortlich f\u00fcr den Inhalt der Website.<br\/>GEEK TONIC lehnt auch jede Verantwortung f\u00fcr externe Links ab, die auf diese Website verweisen.<\/p>\n\n\n\n<h2 class=\"wp-block-heading has-text-align-center\">PERSONENBEZOGENE DATEN UND PERS\u00d6NLICHE INFORMATIONEN<\/h2>\n\n\n\n<p class=\"has-text-align-center\">Sie haben das Recht auf Zugang, \u00c4nderung, Berichtigung und L\u00f6schung Ihrer personenbezogenen Daten gem\u00e4\u00df Artikel 34 des franz\u00f6sischen Datenschutzgesetzes Nr. 78-17 vom 6. Januar 1978, ge\u00e4ndert am 6. August 2018.<br\/>Um dieses Zugriffsrecht zu nutzen, k\u00f6nnen Sie dies durch eine einfache schriftliche Anfrage an den Herausgeber der Website tun.<\/p>\n\n\n\n<h2 class=\"wp-block-heading has-text-align-center\">GESETZGEBUNG<\/h2>\n\n\n\n<p class=\"has-text-align-center\">Gem\u00e4\u00df dem Gesetz vom 11. M\u00e4rz 1957 (Art. 41) und dem Gesetz \u00fcber geistiges Eigentum vom 1. Juli 1992 ist es verboten, Teile der Website ohne vorherige Genehmigung des Herausgebers der Website ganz oder teilweise zu reproduzieren.<br\/>Logos, Bilder, Fotos, Videos, Grafiken, Texte sind Eigentum ihrer jeweiligen Eigent\u00fcmer.<br\/>Diese Website kann ohne ihr Wissen \u00fcber Hypermedia-Links mit anderen Websites verlinkt worden sein. Der Herausgeber der Website lehnt jede Verantwortung f\u00fcr die Informationen ab, die auf diesen anderen Websites pr\u00e4sentiert werden.<br\/>Der Internetnutzer erkennt an, dass die Nutzung dieser Website franz\u00f6sischem Recht unterliegt.<\/p>\n<\/div>\n","protected":false},"excerpt":{"rendered":"<p>Rechtlich Nachfolgend finden Sie die rechtlichen Hinweise auf der Website unseres Campingplatzes. SITE-REDAKTEUR Firma: Camping Paradis XXXXSIRET-Nummer: XXXXSIRENE: XXXXAPE-Code: XXXXAdresse: XXXXXE-Mail: XXXXX@WWW.comVerantwortlicher f\u00fcr die Ver\u00f6ffentlichung: Alpha Camping VERWIRKLICHUNG GEEK TONIC, vertreten durch Herrn Yohan Darmayan in seiner Eigenschaft als Gesch\u00e4ftsf\u00fchrerHauptsitz: 50 Avenue du Lac Marion 64200 BiarritzTelefon: 05 32 74 11 52E-Mail: support@geek-tonic.comWebseite: www.geek-tonic.comSIRET: 89746755100015APE: [&hellip;]<\/p>\n","protected":false},"author":1,"featured_media":6421,"parent":0,"menu_order":49,"comment_status":"closed","ping_status":"closed","template":"","meta":{"_acf_changed":false,"footnotes":""},"class_list":["post-6567","page","type-page","status-publish","has-post-thumbnail","hentry"],"acf":[],"yoast_head":"<!-- This site is optimized with the Yoast SEO plugin v24.8.1 - https:\/\/yoast.com\/wordpress\/plugins\/seo\/ -->\n<title>Rechtlich - Camping Paradis Le Coiroux - Site Officiel - Meilleur Prix Garanti<\/title>\n<meta name=\"robots\" content=\"noindex, nofollow\" \/>\n<meta property=\"og:locale\" content=\"de_DE\" \/>\n<meta property=\"og:type\" content=\"article\" \/>\n<meta property=\"og:title\" content=\"Rechtlich - Camping Paradis Le Coiroux - Site Officiel - Meilleur Prix Garanti\" \/>\n<meta property=\"og:description\" content=\"Rechtlich Nachfolgend finden Sie die rechtlichen Hinweise auf der Website unseres Campingplatzes. SITE-REDAKTEUR Firma: Camping Paradis XXXXSIRET-Nummer: XXXXSIRENE: XXXXAPE-Code: XXXXAdresse: XXXXXE-Mail: XXXXX@WWW.comVerantwortlicher f\u00fcr die Ver\u00f6ffentlichung: Alpha Camping VERWIRKLICHUNG GEEK TONIC, vertreten durch Herrn Yohan Darmayan in seiner Eigenschaft als Gesch\u00e4ftsf\u00fchrerHauptsitz: 50 Avenue du Lac Marion 64200 BiarritzTelefon: 05 32 74 11 52E-Mail: support@geek-tonic.comWebseite: www.geek-tonic.comSIRET: 89746755100015APE: [&hellip;]\" \/>\n<meta property=\"og:url\" content=\"https:\/\/campingcoiroux.fr\/de\/rechtliche-hinweise\/\" \/>\n<meta property=\"og:site_name\" content=\"Camping Paradis Le Coiroux - Site Officiel - Meilleur Prix Garanti\" \/>\n<meta property=\"article:modified_time\" content=\"2023-11-10T12:43:34+00:00\" \/>\n<meta property=\"og:image\" content=\"https:\/\/campingcoiroux.fr\/wp-content\/uploads\/sites\/27\/2023\/08\/Paysage_de_la_Reserve_naturelle_regionale_de_la_haute_vallee_de_la_Vezere_la_tourbiere-etang_de_Chabannes_commune_de_Saint-Merd-les-Oussines_Corr-copie-scaled.webp\" \/>\n\t<meta property=\"og:image:width\" content=\"2048\" \/>\n\t<meta property=\"og:image:height\" content=\"647\" \/>\n\t<meta property=\"og:image:type\" content=\"image\/webp\" \/>\n<meta name=\"twitter:card\" content=\"summary_large_image\" \/>\n<meta name=\"twitter:label1\" content=\"Gesch\u00e4tzte Lesezeit\" \/>\n\t<meta name=\"twitter:data1\" content=\"1\u00a0Minute\" \/>\n<script type=\"application\/ld+json\" class=\"yoast-schema-graph\">{\"@context\":\"https:\/\/schema.org\",\"@graph\":[{\"@type\":\"WebPage\",\"@id\":\"https:\/\/campingcoiroux.fr\/de\/rechtliche-hinweise\/\",\"url\":\"https:\/\/campingcoiroux.fr\/de\/rechtliche-hinweise\/\",\"name\":\"Rechtlich - Camping Paradis Le Coiroux - Site Officiel - Meilleur Prix Garanti\",\"isPartOf\":{\"@id\":\"https:\/\/campingcoiroux.fr\/de\/#website\"},\"primaryImageOfPage\":{\"@id\":\"https:\/\/campingcoiroux.fr\/de\/rechtliche-hinweise\/#primaryimage\"},\"image\":{\"@id\":\"https:\/\/campingcoiroux.fr\/de\/rechtliche-hinweise\/#primaryimage\"},\"thumbnailUrl\":\"https:\/\/campingcoiroux.fr\/wp-content\/uploads\/sites\/27\/2023\/08\/Paysage_de_la_Reserve_naturelle_regionale_de_la_haute_vallee_de_la_Vezere_la_tourbiere-etang_de_Chabannes_commune_de_Saint-Merd-les-Oussines_Corr-copie-scaled.webp\",\"datePublished\":\"2023-07-13T14:54:29+00:00\",\"dateModified\":\"2023-11-10T12:43:34+00:00\",\"breadcrumb\":{\"@id\":\"https:\/\/campingcoiroux.fr\/de\/rechtliche-hinweise\/#breadcrumb\"},\"inLanguage\":\"de\",\"potentialAction\":[{\"@type\":\"ReadAction\",\"target\":[\"https:\/\/campingcoiroux.fr\/de\/rechtliche-hinweise\/\"]}]},{\"@type\":\"ImageObject\",\"inLanguage\":\"de\",\"@id\":\"https:\/\/campingcoiroux.fr\/de\/rechtliche-hinweise\/#primaryimage\",\"url\":\"https:\/\/campingcoiroux.fr\/wp-content\/uploads\/sites\/27\/2023\/08\/Paysage_de_la_Reserve_naturelle_regionale_de_la_haute_vallee_de_la_Vezere_la_tourbiere-etang_de_Chabannes_commune_de_Saint-Merd-les-Oussines_Corr-copie-scaled.webp\",\"contentUrl\":\"https:\/\/campingcoiroux.fr\/wp-content\/uploads\/sites\/27\/2023\/08\/Paysage_de_la_Reserve_naturelle_regionale_de_la_haute_vallee_de_la_Vezere_la_tourbiere-etang_de_Chabannes_commune_de_Saint-Merd-les-Oussines_Corr-copie-scaled.webp\",\"width\":2048,\"height\":647},{\"@type\":\"BreadcrumbList\",\"@id\":\"https:\/\/campingcoiroux.fr\/de\/rechtliche-hinweise\/#breadcrumb\",\"itemListElement\":[{\"@type\":\"ListItem\",\"position\":1,\"name\":\"Startseite\",\"item\":\"https:\/\/campingcoiroux.fr\/de\/\"},{\"@type\":\"ListItem\",\"position\":2,\"name\":\"Rechtlich\"}]},{\"@type\":\"WebSite\",\"@id\":\"https:\/\/campingcoiroux.fr\/de\/#website\",\"url\":\"https:\/\/campingcoiroux.fr\/de\/\",\"name\":\"Camping Paradis Le Coiroux - Site Officiel - Meilleur Prix Garanti\",\"description\":\"\",\"publisher\":{\"@id\":\"https:\/\/campingcoiroux.fr\/de\/#organization\"},\"potentialAction\":[{\"@type\":\"SearchAction\",\"target\":{\"@type\":\"EntryPoint\",\"urlTemplate\":\"https:\/\/campingcoiroux.fr\/de\/?s={search_term_string}\"},\"query-input\":{\"@type\":\"PropertyValueSpecification\",\"valueRequired\":true,\"valueName\":\"search_term_string\"}}],\"inLanguage\":\"de\"},{\"@type\":\"Organization\",\"@id\":\"https:\/\/campingcoiroux.fr\/de\/#organization\",\"name\":\"Camping Paradis Le Coiroux - Site Officiel - Meilleur Prix Garanti\",\"url\":\"https:\/\/campingcoiroux.fr\/de\/\",\"logo\":{\"@type\":\"ImageObject\",\"inLanguage\":\"de\",\"@id\":\"https:\/\/campingcoiroux.fr\/de\/#\/schema\/logo\/image\/\",\"url\":\"https:\/\/campingcoiroux.fr\/wp-content\/uploads\/sites\/27\/2023\/08\/logo-coiroux.png\",\"contentUrl\":\"https:\/\/campingcoiroux.fr\/wp-content\/uploads\/sites\/27\/2023\/08\/logo-coiroux.png\",\"width\":2048,\"height\":1260,\"caption\":\"Camping Paradis Le Coiroux - Site Officiel - Meilleur Prix Garanti\"},\"image\":{\"@id\":\"https:\/\/campingcoiroux.fr\/de\/#\/schema\/logo\/image\/\"}}]}<\/script>\n<!-- \/ Yoast SEO plugin. -->","yoast_head_json":{"title":"Rechtlich - Camping Paradis Le Coiroux - Site Officiel - Meilleur Prix Garanti","robots":{"index":"noindex","follow":"nofollow"},"og_locale":"de_DE","og_type":"article","og_title":"Rechtlich - Camping Paradis Le Coiroux - Site Officiel - Meilleur Prix Garanti","og_description":"Rechtlich Nachfolgend finden Sie die rechtlichen Hinweise auf der Website unseres Campingplatzes. SITE-REDAKTEUR Firma: Camping Paradis XXXXSIRET-Nummer: XXXXSIRENE: XXXXAPE-Code: XXXXAdresse: XXXXXE-Mail: XXXXX@WWW.comVerantwortlicher f\u00fcr die Ver\u00f6ffentlichung: Alpha Camping VERWIRKLICHUNG GEEK TONIC, vertreten durch Herrn Yohan Darmayan in seiner Eigenschaft als Gesch\u00e4ftsf\u00fchrerHauptsitz: 50 Avenue du Lac Marion 64200 BiarritzTelefon: 05 32 74 11 52E-Mail: support@geek-tonic.comWebseite: www.geek-tonic.comSIRET: 89746755100015APE: [&hellip;]","og_url":"https:\/\/campingcoiroux.fr\/de\/rechtliche-hinweise\/","og_site_name":"Camping Paradis Le Coiroux - Site Officiel - Meilleur Prix Garanti","article_modified_time":"2023-11-10T12:43:34+00:00","og_image":[{"width":2048,"height":647,"url":"https:\/\/campingcoiroux.fr\/wp-content\/uploads\/sites\/27\/2023\/08\/Paysage_de_la_Reserve_naturelle_regionale_de_la_haute_vallee_de_la_Vezere_la_tourbiere-etang_de_Chabannes_commune_de_Saint-Merd-les-Oussines_Corr-copie-scaled.webp","type":"image\/webp"}],"twitter_card":"summary_large_image","twitter_misc":{"Gesch\u00e4tzte Lesezeit":"1\u00a0Minute"},"schema":{"@context":"https:\/\/schema.org","@graph":[{"@type":"WebPage","@id":"https:\/\/campingcoiroux.fr\/de\/rechtliche-hinweise\/","url":"https:\/\/campingcoiroux.fr\/de\/rechtliche-hinweise\/","name":"Rechtlich - Camping Paradis Le Coiroux - Site Officiel - Meilleur Prix Garanti","isPartOf":{"@id":"https:\/\/campingcoiroux.fr\/de\/#website"},"primaryImageOfPage":{"@id":"https:\/\/campingcoiroux.fr\/de\/rechtliche-hinweise\/#primaryimage"},"image":{"@id":"https:\/\/campingcoiroux.fr\/de\/rechtliche-hinweise\/#primaryimage"},"thumbnailUrl":"https:\/\/campingcoiroux.fr\/wp-content\/uploads\/sites\/27\/2023\/08\/Paysage_de_la_Reserve_naturelle_regionale_de_la_haute_vallee_de_la_Vezere_la_tourbiere-etang_de_Chabannes_commune_de_Saint-Merd-les-Oussines_Corr-copie-scaled.webp","datePublished":"2023-07-13T14:54:29+00:00","dateModified":"2023-11-10T12:43:34+00:00","breadcrumb":{"@id":"https:\/\/campingcoiroux.fr\/de\/rechtliche-hinweise\/#breadcrumb"},"inLanguage":"de","potentialAction":[{"@type":"ReadAction","target":["https:\/\/campingcoiroux.fr\/de\/rechtliche-hinweise\/"]}]},{"@type":"ImageObject","inLanguage":"de","@id":"https:\/\/campingcoiroux.fr\/de\/rechtliche-hinweise\/#primaryimage","url":"https:\/\/campingcoiroux.fr\/wp-content\/uploads\/sites\/27\/2023\/08\/Paysage_de_la_Reserve_naturelle_regionale_de_la_haute_vallee_de_la_Vezere_la_tourbiere-etang_de_Chabannes_commune_de_Saint-Merd-les-Oussines_Corr-copie-scaled.webp","contentUrl":"https:\/\/campingcoiroux.fr\/wp-content\/uploads\/sites\/27\/2023\/08\/Paysage_de_la_Reserve_naturelle_regionale_de_la_haute_vallee_de_la_Vezere_la_tourbiere-etang_de_Chabannes_commune_de_Saint-Merd-les-Oussines_Corr-copie-scaled.webp","width":2048,"height":647},{"@type":"BreadcrumbList","@id":"https:\/\/campingcoiroux.fr\/de\/rechtliche-hinweise\/#breadcrumb","itemListElement":[{"@type":"ListItem","position":1,"name":"Startseite","item":"https:\/\/campingcoiroux.fr\/de\/"},{"@type":"ListItem","position":2,"name":"Rechtlich"}]},{"@type":"WebSite","@id":"https:\/\/campingcoiroux.fr\/de\/#website","url":"https:\/\/campingcoiroux.fr\/de\/","name":"Camping Paradis Le Coiroux - Site Officiel - Meilleur Prix Garanti","description":"","publisher":{"@id":"https:\/\/campingcoiroux.fr\/de\/#organization"},"potentialAction":[{"@type":"SearchAction","target":{"@type":"EntryPoint","urlTemplate":"https:\/\/campingcoiroux.fr\/de\/?s={search_term_string}"},"query-input":{"@type":"PropertyValueSpecification","valueRequired":true,"valueName":"search_term_string"}}],"inLanguage":"de"},{"@type":"Organization","@id":"https:\/\/campingcoiroux.fr\/de\/#organization","name":"Camping Paradis Le Coiroux - Site Officiel - Meilleur Prix Garanti","url":"https:\/\/campingcoiroux.fr\/de\/","logo":{"@type":"ImageObject","inLanguage":"de","@id":"https:\/\/campingcoiroux.fr\/de\/#\/schema\/logo\/image\/","url":"https:\/\/campingcoiroux.fr\/wp-content\/uploads\/sites\/27\/2023\/08\/logo-coiroux.png","contentUrl":"https:\/\/campingcoiroux.fr\/wp-content\/uploads\/sites\/27\/2023\/08\/logo-coiroux.png","width":2048,"height":1260,"caption":"Camping Paradis Le Coiroux - Site Officiel - Meilleur Prix Garanti"},"image":{"@id":"https:\/\/campingcoiroux.fr\/de\/#\/schema\/logo\/image\/"}}]}},"_links":{"self":[{"href":"https:\/\/campingcoiroux.fr\/de\/wp-json\/wp\/v2\/pages\/6567","targetHints":{"allow":["GET"]}}],"collection":[{"href":"https:\/\/campingcoiroux.fr\/de\/wp-json\/wp\/v2\/pages"}],"about":[{"href":"https:\/\/campingcoiroux.fr\/de\/wp-json\/wp\/v2\/types\/page"}],"author":[{"embeddable":true,"href":"https:\/\/campingcoiroux.fr\/de\/wp-json\/wp\/v2\/users\/1"}],"replies":[{"embeddable":true,"href":"https:\/\/campingcoiroux.fr\/de\/wp-json\/wp\/v2\/comments?post=6567"}],"version-history":[{"count":1,"href":"https:\/\/campingcoiroux.fr\/de\/wp-json\/wp\/v2\/pages\/6567\/revisions"}],"predecessor-version":[{"id":6576,"href":"https:\/\/campingcoiroux.fr\/de\/wp-json\/wp\/v2\/pages\/6567\/revisions\/6576"}],"wp:featuredmedia":[{"embeddable":true,"href":"https:\/\/campingcoiroux.fr\/de\/wp-json\/wp\/v2\/media\/6421"}],"wp:attachment":[{"href":"https:\/\/campingcoiroux.fr\/de\/wp-json\/wp\/v2\/media?parent=6567"}],"curies":[{"name":"wp","href":"https:\/\/api.w.org\/{rel}","templated":true}]}}